{"id":93,"date":"2015-01-07T03:39:54","date_gmt":"2015-01-07T03:39:54","guid":{"rendered":"http:\/\/alaska.themestudio.net\/?page_id=93"},"modified":"2025-03-28T18:29:35","modified_gmt":"2025-03-28T18:29:35","slug":"yritys","status":"publish","type":"page","link":"https:\/\/suomenitratkaisut.fi\/?page_id=93","title":{"rendered":"Yritys"},"content":{"rendered":"<div class='bg-parallax gambit-bg-parallax parallax' data-bg-align='' data-direction='none' data-velocity='-0.3' data-mobile-enabled='' data-break-parents='' data-bg-height='' data-bg-width='' data-bg-image='data:image\/gif;base64,R0lGODlhAQABAIAAAAAAAP\/\/\/yH5BAEAAAAALAAAAAABAAEAAAIBRAA7' data-bg-repeat='false'><\/div><div  class=\"bg_parallax  vc_custom_1418699243331\"><div class=\"container\"><div class=\"vc_row wpb_row vc_row-fluid\">\n\t<div class=\"vc_col-sm-12 wpb_column vc_column_container \">\n\t\t<div class=\"wpb_wrapper\">\n\t\t\t<div class=\"ts-section-title  vc_custom_1422979943256 text-left\" style=\"color:#737373\">\n\t\t\t\t<h3 style=\"color:#252525;font-size:21px;\">Suomen IT-ratkaisut Oy on innovatiivinen kumppani s\u00e4hk\u00f6isen markkinoinnin ja internetsovellusten toteuttajana.<\/h3><\/div>\n\t<div class=\"wpb_text_column wpb_content_element \">\n\t\t<div class=\"wpb_wrapper\">\n\t\t\t<p>Eik\u0623\u00f6 ydinosaamisenne ole ohjelmistotuotannossa? Ei h\u00e4t\u00e4\u00e4.<\/p>\n<p>Erityisalaamme kuvaavat termit React, PHP, CSS, MySQL ja (x)html. Kehitt\u00e4m\u00e4mme ohjelmat ovat innovatiivisia, tehokkaita ja turvallisia, eik\u00e4 niiden k\u00e4ytt\u00e4minen vaadi laitteistoinvestointeja. Tutustu tuotteisiin ja referensseihinmme. Kun kiinnostuksesi her\u00e4\u00e4, ota yhteytt\u00e4, niin katsotaan yhdess\u00e4, mit\u00e4 voimme hyv\u00e4ksenne tehd\u00e4.<\/p>\n\n\t\t<\/div> \n\t<\/div> \n\t\t<\/div> \n\t<\/div> \n<\/div><\/div><\/div><div class='bg-parallax gambit-bg-parallax parallax' data-bg-align='' data-direction='none' data-velocity='-0.3' data-mobile-enabled='' data-break-parents='' data-bg-height='' data-bg-width='' data-bg-image='data:image\/gif;base64,R0lGODlhAQABAIAAAAAAAP\/\/\/yH5BAEAAAAALAAAAAABAAEAAAIBRAA7' data-bg-repeat='false'><\/div><div  class=\"bg_parallax  vc_custom_1422979845206\"><div class=\"container\"><div class=\"vc_row wpb_row vc_row-fluid\">\n\t<div class=\"vc_col-sm-6 wpb_column vc_column_container \">\n\t\t<div class=\"wpb_wrapper\">\n\t\t\t<div class=\"ts-section-title  vc_custom_1422978583715 text-left\" style=\"color:#737373\">\n\t\t\t\t<h3 style=\"color:#252525;font-size:30px;\">Yrityksellemme t\u00e4rkeit\u00e4 arvoja<\/h3><\/div>\t\n\t\t<div class=\"ts-horizontalTab ts-tab ts-tab-style2\">\n\t\t\t<ul class=\"resp-tabs-list\"><li>Turvallisuus<\/li><li>Luotettavuus<\/li><li>Kotimaisuus<\/li><li>Innovatiivisuus<\/li><\/ul>\n\n\t\t<div class=\"resp-tabs-container\">\n\t\t\t\n\t\t\t<div>\n\t\t\t\t<div  class=\"bg_parallax  vc_custom_1418701530242\"><div class=\"\"><div class=\"vc_row wpb_row vc_inner vc_row-fluid\"><div class=\"inner-row clearfix\">\n\t<div class=\"vc_col-sm-4 wpb_column vc_column_container \">\n\t\t<div class=\"wpb_wrapper\">\n\t\t\t\n\t<div class=\"wpb_single_image wpb_content_element vc_align_left\">\n\t\t<div class=\"wpb_wrapper\">\n\t\t\t\n\t\t\t<div class=\"vc_single_image-wrapper   vc_box_border_grey\"><img loading=\"lazy\" decoding=\"async\" width=\"150\" height=\"150\" src=\"https:\/\/suomenitratkaisut.fi\/wp-content\/uploads\/2015\/01\/imgtab-150x150-150x150.png\" class=\"vc_single_image-img attachment-thumbnail\" alt=\"\" srcset=\"https:\/\/suomenitratkaisut.fi\/wp-content\/uploads\/2015\/01\/imgtab-150x150.png 150w, https:\/\/suomenitratkaisut.fi\/wp-content\/uploads\/2015\/01\/imgtab-150x150-95x95.png 95w, https:\/\/suomenitratkaisut.fi\/wp-content\/uploads\/2015\/01\/imgtab-150x150-90x90.png 90w\" sizes=\"auto, (max-width: 150px) 100vw, 150px\" \/><\/div>\n\t\t<\/div> \n\t<\/div> \n\t\t<\/div> \n\t<\/div> \n\n\t<div class=\"vc_col-sm-8 wpb_column vc_column_container \">\n\t\t<div class=\"wpb_wrapper\">\n\t\t\t\n\t<div class=\"wpb_text_column wpb_content_element \">\n\t\t<div class=\"wpb_wrapper\">\n\t\t\t<p>Suunnittelemamme toteutukset ovat aina turvallisia ja varsinkin tiedonsiirron sovelluksissa turvallisuus on t\u00e4rkeimpi\u00e4 prioriteettejamme.<\/p>\n\n\t\t<\/div> \n\t<\/div> \n\t\t<\/div> \n\t<\/div> \n<\/div><\/div><\/div><\/div>\n\t\t\t<\/div> \n\t\t\t<div>\n\t\t\t\t<div  class=\"bg_parallax  vc_custom_1418701530242\"><div class=\"\"><div class=\"vc_row wpb_row vc_inner vc_row-fluid\"><div class=\"inner-row clearfix\">\n\t<div class=\"vc_col-sm-4 wpb_column vc_column_container \">\n\t\t<div class=\"wpb_wrapper\">\n\t\t\t\n\t<div class=\"wpb_single_image wpb_content_element vc_align_left\">\n\t\t<div class=\"wpb_wrapper\">\n\t\t\t\n\t\t\t<div class=\"vc_single_image-wrapper   vc_box_border_grey\"><img loading=\"lazy\" decoding=\"async\" width=\"150\" height=\"150\" src=\"https:\/\/suomenitratkaisut.fi\/wp-content\/uploads\/2015\/01\/luotettavuus-150x150.png\" class=\"vc_single_image-img attachment-thumbnail\" alt=\"\" srcset=\"https:\/\/suomenitratkaisut.fi\/wp-content\/uploads\/2015\/01\/luotettavuus.png 150w, https:\/\/suomenitratkaisut.fi\/wp-content\/uploads\/2015\/01\/luotettavuus-95x95.png 95w, https:\/\/suomenitratkaisut.fi\/wp-content\/uploads\/2015\/01\/luotettavuus-90x90.png 90w\" sizes=\"auto, (max-width: 150px) 100vw, 150px\" \/><\/div>\n\t\t<\/div> \n\t<\/div> \n\t\t<\/div> \n\t<\/div> \n\n\t<div class=\"vc_col-sm-8 wpb_column vc_column_container \">\n\t\t<div class=\"wpb_wrapper\">\n\t\t\t\n\t<div class=\"wpb_text_column wpb_content_element \">\n\t\t<div class=\"wpb_wrapper\">\n\t\t\t<p>IT-ratkaisuissa luotettavuus n\u00e4yttelee suurta roolia ja meille luotettavan asiakassuhteen ja luotettavien sovellusten toteutus onkin ylpeyden aihe.<\/p>\n\n\t\t<\/div> \n\t<\/div> \n\t\t<\/div> \n\t<\/div> \n<\/div><\/div><\/div><\/div>\n\t\t\t<\/div> \n\t\t\t<div>\n\t\t\t\t<div  class=\"bg_parallax  vc_custom_1418701530242\"><div class=\"\"><div class=\"vc_row wpb_row vc_inner vc_row-fluid\"><div class=\"inner-row clearfix\">\n\t<div class=\"vc_col-sm-4 wpb_column vc_column_container \">\n\t\t<div class=\"wpb_wrapper\">\n\t\t\t\n\t<div class=\"wpb_single_image wpb_content_element vc_align_left\">\n\t\t<div class=\"wpb_wrapper\">\n\t\t\t\n\t\t\t<div class=\"vc_single_image-wrapper   vc_box_border_grey\"><img loading=\"lazy\" decoding=\"async\" width=\"150\" height=\"150\" src=\"https:\/\/suomenitratkaisut.fi\/wp-content\/uploads\/2015\/01\/kotimaisuus-150x150.png\" class=\"vc_single_image-img attachment-thumbnail\" alt=\"\" srcset=\"https:\/\/suomenitratkaisut.fi\/wp-content\/uploads\/2015\/01\/kotimaisuus.png 150w, https:\/\/suomenitratkaisut.fi\/wp-content\/uploads\/2015\/01\/kotimaisuus-95x95.png 95w, https:\/\/suomenitratkaisut.fi\/wp-content\/uploads\/2015\/01\/kotimaisuus-90x90.png 90w\" sizes=\"auto, (max-width: 150px) 100vw, 150px\" \/><\/div>\n\t\t<\/div> \n\t<\/div> \n\t\t<\/div> \n\t<\/div> \n\n\t<div class=\"vc_col-sm-8 wpb_column vc_column_container \">\n\t\t<div class=\"wpb_wrapper\">\n\t\t\t\n\t<div class=\"wpb_text_column wpb_content_element \">\n\t\t<div class=\"wpb_wrapper\">\n\t\t\t<p>Suomen IT-ratkaisut Oy on ennen kaikkea suomalainen yritys. Kaikki ohjelmamme ovat Suomessa tehtyj\u00e4 ja ne toimivat omilla palvelimilla suomalaisissa palvelinsaleissa.<\/p>\n\n\t\t<\/div> \n\t<\/div> \n\t\t<\/div> \n\t<\/div> \n<\/div><\/div><\/div><\/div>\n\t\t\t<\/div> \n\t\t\t<div>\n\t\t\t\t<div  class=\"bg_parallax  vc_custom_1418701530242\"><div class=\"\"><div class=\"vc_row wpb_row vc_inner vc_row-fluid\"><div class=\"inner-row clearfix\">\n\t<div class=\"vc_col-sm-4 wpb_column vc_column_container \">\n\t\t<div class=\"wpb_wrapper\">\n\t\t\t\n\t<div class=\"wpb_single_image wpb_content_element vc_align_left\">\n\t\t<div class=\"wpb_wrapper\">\n\t\t\t\n\t\t\t<div class=\"vc_single_image-wrapper   vc_box_border_grey\"><img loading=\"lazy\" decoding=\"async\" width=\"150\" height=\"150\" src=\"https:\/\/suomenitratkaisut.fi\/wp-content\/uploads\/2015\/01\/innovatiivisuus-150x150.png\" class=\"vc_single_image-img attachment-thumbnail\" alt=\"\" srcset=\"https:\/\/suomenitratkaisut.fi\/wp-content\/uploads\/2015\/01\/innovatiivisuus.png 150w, https:\/\/suomenitratkaisut.fi\/wp-content\/uploads\/2015\/01\/innovatiivisuus-95x95.png 95w, https:\/\/suomenitratkaisut.fi\/wp-content\/uploads\/2015\/01\/innovatiivisuus-90x90.png 90w\" sizes=\"auto, (max-width: 150px) 100vw, 150px\" \/><\/div>\n\t\t<\/div> \n\t<\/div> \n\t\t<\/div> \n\t<\/div> \n\n\t<div class=\"vc_col-sm-8 wpb_column vc_column_container \">\n\t\t<div class=\"wpb_wrapper\">\n\t\t\t\n\t<div class=\"wpb_text_column wpb_content_element \">\n\t\t<div class=\"wpb_wrapper\">\n\t\t\t<p>Innovatiivisuutemme avulla pyrimme l\u00f6yt\u00e4m\u00e4\u00e4n ratkaisuja yritysten arkip\u00e4iv\u00e4isiin ongelmiin luomalla r\u00e4\u00e4t\u00e4l\u00f6ityj\u00e4 ja toimivia toteutuksia. Me n\u00e4emme ongelmat ennemminkin haasteena!<\/p>\n\n\t\t<\/div> \n\t<\/div> \n\t\t<\/div> \n\t<\/div> \n<\/div><\/div><\/div><\/div>\n\t\t\t<\/div> \n\t\t<\/div> \n\t\t<\/div> \n\t\t<\/div> \n\t<\/div> \n\n\t<div class=\"vc_col-sm-6 wpb_column vc_column_container \">\n\t\t<div class=\"wpb_wrapper\">\n\t\t\t<div class=\"ts-section-title  vc_custom_1422979610858 text-left\" style=\"color:#737373\">\n\t\t\t\t<h3 style=\"color:#252525;font-size:30px;\">Suosituksia<\/h3><\/div><div class=\"ts-testimonial-style1 ts-list-testimonial light\"><div class=\"ts-item-testimonial-1\"><div class=\"client-quote\">\n\t\t\t\t\t\t\t\t\t\t\t<i class=\"fa fa-quote-left\"><\/i><blockquote>Meill\u00e4 myynnin ja markkinoinnin seuranta oli aiemmin v\u00e4h\u00e4n retuper\u00e4ll\u00e4 ja mentiin \"\u200cmutu tuntumalla\"\u200c. Suomen IT-Ratkaisujen Viestisuoran ja CRM:n ansiosta markkinointi ja myyntity\u00f6 on helpottunut, seuranta on parantunut ja mik\u00e4 parasta,<\/blockquote><\/div><div class=\"info-testimonial\">\n\t\t\t\t\t\t\t\t\t\t\t<div class=\"client-avatar\">\n\t\t\t\t\t\t\t\t\t\t\t\t<figure><img decoding=\"async\" alt=\"\" src=\"\"><\/figure>\n\t\t\t\t\t\t\t\t\t\t\t<\/div>\n\t\t\t\t\t\t\t\t\t\t\t<div class=\"client-info\">\n\t\t\t\t\t\t\t\t\t\t\t\t<span class=\"client-name\">Mika Mattila<\/span>\n\t\t\t\t\t\t\t\t\t\t\t\t<span class=\"client-position\">Yritt\u00e4j\u00e4, HRSuunti Oy<\/span>\n\t\t\t\t\t\t\t\t\t\t\t\t<span class=\"client-website\"><a href=\"http:\/\/www.hrsuunti.fi\/\">www.hrsuunti.fi\/<\/a><\/span>\n\t\t\t\t\t\t\t\t\t\t\t<\/div>\n\t\t\t\t\t\t\t\t\t\t<\/div><\/div><div class=\"ts-item-testimonial-1\"><div class=\"client-quote\">\n\t\t\t\t\t\t\t\t\t\t\t<i class=\"fa fa-quote-left\"><\/i><blockquote>Aloitimme tiiviin kehitysty\u00f6n Suomen IT-ratkaisun kanssa vuonna 2010. Olemme kehitt\u00e4neet oman j\u00e4rjestelm\u00e4mme ymp\u00e4rille lukuisia s\u00e4hk\u00f6isi\u00e4 liiketoimintaratkaisuja, jotka ovat vapauttaneet toimintamme ajasta ja paikasta riippumattomaksi.<\/blockquote><\/div><div class=\"info-testimonial\">\n\t\t\t\t\t\t\t\t\t\t\t<div class=\"client-avatar\">\n\t\t\t\t\t\t\t\t\t\t\t\t<figure><img decoding=\"async\" alt=\"\" src=\"\"><\/figure>\n\t\t\t\t\t\t\t\t\t\t\t<\/div>\n\t\t\t\t\t\t\t\t\t\t\t<div class=\"client-info\">\n\t\t\t\t\t\t\t\t\t\t\t\t<span class=\"client-name\">Raine Kuusisto<\/span>\n\t\t\t\t\t\t\t\t\t\t\t\t<span class=\"client-position\">Toimitusjohtaja, Amitec Oy<\/span>\n\t\t\t\t\t\t\t\t\t\t\t\t<span class=\"client-website\"><a href=\"http:\/\/www.amitec.fi\">www.amitec.fi<\/a><\/span>\n\t\t\t\t\t\t\t\t\t\t\t<\/div>\n\t\t\t\t\t\t\t\t\t\t<\/div><\/div><\/div>\n\t\t<\/div> \n\t<\/div> \n<\/div><\/div><\/div>\n","protected":false},"excerpt":{"rendered":"Aloitimme tiiviin kehitysty\u00f6n Suomen IT-ratkaisun kanssa vuonna 2010. Olemme kehitt\u00e4neet oman j\u00e4rjestelm\u00e4mme ymp\u00e4rille lukuisia s\u00e4hk\u00f6isi\u00e4 liiketoimintaratkaisuja, jotka ovat vapauttaneet toimintamme ajasta ja paikasta riippumattomaksi.","protected":false},"author":2,"featured_media":95,"parent":0,"menu_order":0,"comment_status":"open","ping_status":"closed","template":"templates\/fullwidth-template.php","meta":{"footnotes":""},"class_list":["post-93","page","type-page","status-publish","has-post-thumbnail","hentry"],"_links":{"self":[{"href":"https:\/\/suomenitratkaisut.fi\/index.php?rest_route=\/wp\/v2\/pages\/93","targetHints":{"allow":["GET"]}}],"collection":[{"href":"https:\/\/suomenitratkaisut.fi\/index.php?rest_route=\/wp\/v2\/pages"}],"about":[{"href":"https:\/\/suomenitratkaisut.fi\/index.php?rest_route=\/wp\/v2\/types\/page"}],"author":[{"embeddable":true,"href":"https:\/\/suomenitratkaisut.fi\/index.php?rest_route=\/wp\/v2\/users\/2"}],"replies":[{"embeddable":true,"href":"https:\/\/suomenitratkaisut.fi\/index.php?rest_route=%2Fwp%2Fv2%2Fcomments&post=93"}],"version-history":[{"count":14,"href":"https:\/\/suomenitratkaisut.fi\/index.php?rest_route=\/wp\/v2\/pages\/93\/revisions"}],"predecessor-version":[{"id":1724,"href":"https:\/\/suomenitratkaisut.fi\/index.php?rest_route=\/wp\/v2\/pages\/93\/revisions\/1724"}],"wp:featuredmedia":[{"embeddable":true,"href":"https:\/\/suomenitratkaisut.fi\/index.php?rest_route=\/"}],"wp:attachment":[{"href":"https:\/\/suomenitratkaisut.fi\/index.php?rest_route=%2Fwp%2Fv2%2Fmedia&parent=93"}],"curies":[{"name":"wp","href":"https:\/\/api.w.org\/{rel}","templated":true}]}}