{"id":382,"date":"2015-01-06T15:49:33","date_gmt":"2015-01-06T15:49:33","guid":{"rendered":"http:\/\/alaska.themestudio.net\/?page_id=8"},"modified":"2015-02-03T13:50:35","modified_gmt":"2015-02-03T13:50:35","slug":"home-page-1","status":"publish","type":"page","link":"https:\/\/suomenitratkaisut.fi\/","title":{"rendered":"Etusivu"},"content":{"rendered":"<div class='bg-parallax gambit-bg-parallax parallax' data-bg-align='' data-direction='none' data-velocity='-0.3' data-mobile-enabled='' data-break-parents='' data-bg-height='' data-bg-width='' data-bg-image='data:image\/gif;base64,R0lGODlhAQABAIAAAAAAAP\/\/\/yH5BAEAAAAALAAAAAABAAEAAAIBRAA7' data-bg-repeat='false'><\/div><div  class=\"bg_parallax  vc_custom_1418096034337\"><div class=\"\"><div class=\"vc_row wpb_row vc_row-fluid\">\n\t<div class=\"vc_col-sm-12 wpb_column vc_column_container \">\n\t\t<div class=\"wpb_wrapper\">\n\t\t\t<div class=\"wpb_revslider_element wpb_content_element\">\n\t\t\t<!-- START Slide 3 REVOLUTION SLIDER 6.5.4.1 --><p class=\"rs-p-wp-fix\"><\/p>\n\t\t\t<rs-module-wrap id=\"rev_slider_2_1_wrapper\" data-source=\"gallery\" style=\"visibility:hidden;background:#E9E9E9;padding:0;margin:0px auto;margin-top:0;margin-bottom:0;\">\n\t\t\t\t<rs-module id=\"rev_slider_2_1\" style=\"\" data-version=\"6.5.4.1\">\n\t\t\t\t\t<rs-slides>\n\t\t\t\t\t\t<rs-slide data-key=\"rs-4\" data-title=\"Slide\" data-in=\"o:0;\" data-out=\"a:false;\">\n\t\t\t\t\t\t\t<img decoding=\"async\" src=\"\/\/suomenitratkaisut.fi\/wp-content\/plugins\/revslider\/public\/assets\/assets\/dummy.png\" title=\"Etusivu\" class=\"rev-slidebg tp-rs-img rs-lazyload\" data-lazyload=\"\/\/www.juhepoj.fi\/itratkaisut\/wp-content\/uploads\/revslider\/slide3\/slide9.jpg\" data-bg=\"p:center top;\" data-no-retina>\n<!--\n\t\t\t\t\t\t\t--><rs-layer\n\t\t\t\t\t\t\t\tid=\"slider-2-slide-4-layer-0\" \n\t\t\t\t\t\t\t\tdata-type=\"image\"\n\t\t\t\t\t\t\t\tdata-rsp_ch=\"on\"\n\t\t\t\t\t\t\t\tdata-xy=\"y:b;\"\n\t\t\t\t\t\t\t\tdata-dim=\"w:440;h:619px;\"\n\t\t\t\t\t\t\t\tdata-frame_1=\"st:500;\"\n\t\t\t\t\t\t\t\tdata-frame_999=\"st:8400;auto:true;\"\n\t\t\t\t\t\t\t\tstyle=\"z-index:5;\"\n\t\t\t\t\t\t\t><rs-bg-elem style=\"position:absolute; top:0px;left:0px;\"><\/rs-bg-elem>\n<img loading=\"lazy\" decoding=\"async\" src=\"\/\/suomenitratkaisut.fi\/wp-content\/plugins\/revslider\/public\/assets\/assets\/dummy.png\" class=\"tp-rs-img rs-lazyload\" width=\"440\" height=\"619\" data-lazyload=\"\/\/suomenitratkaisut.fi\/wp-content\/uploads\/revslider\/slide3\/man.png\" data-no-retina> \n\t\t\t\t\t\t\t<\/rs-layer><!--\n-->\t\t\t\t\t\t<\/rs-slide>\n\t\t\t\t\t\t<rs-slide data-key=\"rs-7\" data-title=\"Slide\" data-anim=\"ms:600;\" data-in=\"o:0;\" data-out=\"a:false;\">\n\t\t\t\t\t\t\t<img decoding=\"async\" src=\"\/\/suomenitratkaisut.fi\/wp-content\/plugins\/revslider\/public\/assets\/assets\/dummy.png\" title=\"Etusivu\" class=\"rev-slidebg tp-rs-img rs-lazyload\" data-lazyload=\"\/\/suomenitratkaisut.fi\/wp-content\/uploads\/2015\/02\/slide10.jpg\" data-bg=\"p:center top;\" data-no-retina>\n<!---->\t\t\t\t\t\t<\/rs-slide>\n\t\t\t\t\t\t<rs-slide data-key=\"rs-8\" data-title=\"Slide\" data-anim=\"ms:600;\" data-in=\"o:0;\" data-out=\"a:false;\">\n\t\t\t\t\t\t\t<img decoding=\"async\" src=\"\/\/suomenitratkaisut.fi\/wp-content\/plugins\/revslider\/public\/assets\/assets\/dummy.png\" title=\"Etusivu\" class=\"rev-slidebg tp-rs-img rs-lazyload\" data-lazyload=\"\/\/suomenitratkaisut.fi\/wp-content\/uploads\/2015\/02\/slide2.jpg\" data-bg=\"p:center top;\" data-no-retina>\n<!---->\t\t\t\t\t\t<\/rs-slide>\n\t\t\t\t\t<\/rs-slides>\n\t\t\t\t\t<rs-static-layers><!--\n\n\t\t\t\t\t\t\t--><rs-layer\n\t\t\t\t\t\t\t\tid=\"slider-2-slide-1-layer-1\" \n\t\t\t\t\t\t\t\tclass=\"rs-layer-static\"\n\t\t\t\t\t\t\t\tdata-type=\"image\"\n\t\t\t\t\t\t\t\tdata-rsp_ch=\"on\"\n\t\t\t\t\t\t\t\tdata-xy=\"x:r;y:80px;\"\n\t\t\t\t\t\t\t\tdata-dim=\"w:553;h:475;\"\n\t\t\t\t\t\t\t\tdata-onslides=\"s:1;e:3;\"\n\t\t\t\t\t\t\t\tdata-frame_1=\"st:800;\"\n\t\t\t\t\t\t\t\tdata-frame_999=\"st:w;auto:true;\"\n\t\t\t\t\t\t\t\tstyle=\"z-index:5;\"\n\t\t\t\t\t\t\t><rs-bg-elem style=\"position:absolute; top:0px;left:0px;\"><\/rs-bg-elem>\n<img loading=\"lazy\" decoding=\"async\" src=\"\/\/suomenitratkaisut.fi\/wp-content\/plugins\/revslider\/public\/assets\/assets\/dummy.png\" class=\"tp-rs-img rs-lazyload\" width=\"553\" height=\"475\" data-lazyload=\"\/\/suomenitratkaisut.fi\/wp-content\/uploads\/2015\/02\/trans.png\" data-no-retina> \n\t\t\t\t\t\t\t<\/rs-layer><!--\n\n\t\t\t\t\t\t\t--><rs-layer\n\t\t\t\t\t\t\t\tid=\"slider-2-slide-1-layer-2\" \n\t\t\t\t\t\t\t\tclass=\"ts-big-caption rs-layer-static\"\n\t\t\t\t\t\t\t\tdata-type=\"text\"\n\t\t\t\t\t\t\t\tdata-color=\"#ffffff\"\n\t\t\t\t\t\t\t\tdata-rsp_ch=\"on\"\n\t\t\t\t\t\t\t\tdata-xy=\"x:620px;y:130px;\"\n\t\t\t\t\t\t\t\tdata-text=\"s:45;l:55;fw:300;\"\n\t\t\t\t\t\t\t\tdata-onslides=\"s:1;e:3;\"\n\t\t\t\t\t\t\t\tdata-frame_1=\"st:1100;\"\n\t\t\t\t\t\t\t\tdata-frame_999=\"st:w;auto:true;\"\n\t\t\t\t\t\t\t\tstyle=\"z-index:6;font-family:Roboto;\"\n\t\t\t\t\t\t\t><rs-bg-elem style=\"position:absolute; top:0px;left:0px;\"><\/rs-bg-elem>\nSuomen IT-ratkaisut Oy \n\t\t\t\t\t\t\t<\/rs-layer><!--\n\n\t\t\t\t\t\t\t--><rs-layer\n\t\t\t\t\t\t\t\tid=\"slider-2-slide-1-layer-3\" \n\t\t\t\t\t\t\t\tclass=\"ts-mediumcaption-3 rs-layer-static\"\n\t\t\t\t\t\t\t\tdata-type=\"text\"\n\t\t\t\t\t\t\t\tdata-color=\"#ffffff\"\n\t\t\t\t\t\t\t\tdata-rsp_ch=\"on\"\n\t\t\t\t\t\t\t\tdata-xy=\"x:620px;y:190px;\"\n\t\t\t\t\t\t\t\tdata-text=\"s:30;l:40;fw:100;\"\n\t\t\t\t\t\t\t\tdata-onslides=\"s:1;e:3;\"\n\t\t\t\t\t\t\t\tdata-frame_1=\"st:1400;\"\n\t\t\t\t\t\t\t\tdata-frame_999=\"st:w;auto:true;\"\n\t\t\t\t\t\t\t\tstyle=\"z-index:7;font-family:Roboto;text-shadow:none;\"\n\t\t\t\t\t\t\t><rs-bg-elem style=\"position:absolute; top:0px;left:0px;\"><\/rs-bg-elem>\n<span> S\u00e4hk\u00f6isen markkinoinnin ja <br>internetsovellusten ammattilainen<\/span>  \n\t\t\t\t\t\t\t<\/rs-layer><!--\n\n\t\t\t\t\t\t\t--><rs-layer\n\t\t\t\t\t\t\t\tid=\"slider-2-slide-1-layer-4\" \n\t\t\t\t\t\t\t\tclass=\"ts-listcaption1-3 rs-layer-static\"\n\t\t\t\t\t\t\t\tdata-type=\"text\"\n\t\t\t\t\t\t\t\tdata-color=\"#b2b2b2\"\n\t\t\t\t\t\t\t\tdata-rsp_ch=\"on\"\n\t\t\t\t\t\t\t\tdata-xy=\"x:620px;y:285px;\"\n\t\t\t\t\t\t\t\tdata-text=\"s:16;l:30;fw:300;\"\n\t\t\t\t\t\t\t\tdata-onslides=\"s:1;e:3;\"\n\t\t\t\t\t\t\t\tdata-frame_1=\"st:1700;\"\n\t\t\t\t\t\t\t\tdata-frame_999=\"st:w;auto:true;\"\n\t\t\t\t\t\t\t\tstyle=\"z-index:8;font-family:Roboto;text-shadow:none;\"\n\t\t\t\t\t\t\t><rs-bg-elem style=\"position:absolute; top:0px;left:0px;\"><\/rs-bg-elem>\n<span><a href=\"https:\/\/suomenitratkaisut.fi\/palvelut\/viestisuora\/\" style=\"color:#f39200;\">Viestisuora<\/a><\/span> - Helppo ty\u00f6kalu uutiskirjeiden l\u00e4hett\u00e4miseen \n\t\t\t\t\t\t\t<\/rs-layer><!--\n\n\t\t\t\t\t\t\t--><rs-layer\n\t\t\t\t\t\t\t\tid=\"slider-2-slide-1-layer-5\" \n\t\t\t\t\t\t\t\tclass=\"ts-listcaption1-3 rs-layer-static\"\n\t\t\t\t\t\t\t\tdata-type=\"text\"\n\t\t\t\t\t\t\t\tdata-color=\"#b2b2b2\"\n\t\t\t\t\t\t\t\tdata-rsp_ch=\"on\"\n\t\t\t\t\t\t\t\tdata-xy=\"x:620px;y:330px;\"\n\t\t\t\t\t\t\t\tdata-text=\"s:16;l:30;fw:300;\"\n\t\t\t\t\t\t\t\tdata-onslides=\"s:1;e:3;\"\n\t\t\t\t\t\t\t\tdata-frame_1=\"st:2000;\"\n\t\t\t\t\t\t\t\tdata-frame_999=\"st:w;auto:true;\"\n\t\t\t\t\t\t\t\tstyle=\"z-index:9;font-family:Roboto;text-shadow:none;\"\n\t\t\t\t\t\t\t><rs-bg-elem style=\"position:absolute; top:0px;left:0px;\"><\/rs-bg-elem>\n<span><a href=\"https:\/\/suomenitratkaisut.fi\/palvelut\/kyselyt\/\" style=\"color:#f39200;\">Kyselyt<\/a><\/span> - R\u00e4\u00e4t\u00e4l\u00f6idyt ja luotettavat kyselylomakkeet \n\t\t\t\t\t\t\t<\/rs-layer><!--\n\n\t\t\t\t\t\t\t--><rs-layer\n\t\t\t\t\t\t\t\tid=\"slider-2-slide-1-layer-6\" \n\t\t\t\t\t\t\t\tclass=\"ts-listcaption1-3 rs-layer-static\"\n\t\t\t\t\t\t\t\tdata-type=\"text\"\n\t\t\t\t\t\t\t\tdata-color=\"#b2b2b2\"\n\t\t\t\t\t\t\t\tdata-rsp_ch=\"on\"\n\t\t\t\t\t\t\t\tdata-xy=\"x:620px;y:375px;\"\n\t\t\t\t\t\t\t\tdata-text=\"s:16;l:30;fw:300;\"\n\t\t\t\t\t\t\t\tdata-onslides=\"s:1;e:3;\"\n\t\t\t\t\t\t\t\tdata-frame_1=\"st:2300;\"\n\t\t\t\t\t\t\t\tdata-frame_999=\"st:w;auto:true;\"\n\t\t\t\t\t\t\t\tstyle=\"z-index:10;font-family:Roboto;text-shadow:none;\"\n\t\t\t\t\t\t\t><rs-bg-elem style=\"position:absolute; top:0px;left:0px;\"><\/rs-bg-elem>\n<span><a href=\"https:\/\/suomenitratkaisut.fi\/palvelut\/tiedonsiirto\/\" style=\"color:#f39200;\">Tiedonsiirto<\/a><\/span> - Siirr\u00e4 tiedostot turvallisesti Siirto24 -ohjelmalla \n\t\t\t\t\t\t\t<\/rs-layer><!--\n\n\t\t\t\t\t\t\t--><rs-layer\n\t\t\t\t\t\t\t\tid=\"slider-2-slide-1-layer-7\" \n\t\t\t\t\t\t\t\tclass=\"ts-listcaption1-3 rs-layer-static\"\n\t\t\t\t\t\t\t\tdata-type=\"text\"\n\t\t\t\t\t\t\t\tdata-color=\"#b2b2b2\"\n\t\t\t\t\t\t\t\tdata-rsp_ch=\"on\"\n\t\t\t\t\t\t\t\tdata-xy=\"x:620px;y:420px;\"\n\t\t\t\t\t\t\t\tdata-text=\"s:16;l:30;fw:300;\"\n\t\t\t\t\t\t\t\tdata-onslides=\"s:1;e:3;\"\n\t\t\t\t\t\t\t\tdata-frame_1=\"st:2300;\"\n\t\t\t\t\t\t\t\tdata-frame_999=\"st:w;auto:true;\"\n\t\t\t\t\t\t\t\tstyle=\"z-index:10;font-family:Roboto;text-shadow:none;\"\n\t\t\t\t\t\t\t><rs-bg-elem style=\"position:absolute; top:0px;left:0px;\"><\/rs-bg-elem>\n<span><a href=\"https:\/\/suomenitratkaisut.fi\/palvelut\/sms-viestit\/\" style=\"color:#f39200;\">Taskari<\/a><\/span> - Ty\u00f6ajan seuranta- ja suunnitteluohjelmisto \n\t\t\t\t\t\t\t<\/rs-layer><!--\n\n\t\t\t\t\t\t\t--><rs-layer\n\t\t\t\t\t\t\t\tid=\"slider-2-slide-1-layer-8\" \n\t\t\t\t\t\t\t\tclass=\"ts-button-s3 rs-layer-static\"\n\t\t\t\t\t\t\t\tdata-type=\"text\"\n\t\t\t\t\t\t\t\tdata-color=\"#ffffff\"\n\t\t\t\t\t\t\t\tdata-rsp_ch=\"on\"\n\t\t\t\t\t\t\t\tdata-xy=\"x:620px;y:474px;\"\n\t\t\t\t\t\t\t\tdata-text=\"s:14;l:48;\"\n\t\t\t\t\t\t\t\tdata-onslides=\"s:1;e:3;\"\n\t\t\t\t\t\t\t\tdata-padding=\"r:15;l:17;\"\n\t\t\t\t\t\t\t\tdata-border=\"bor:3px,3px,3px,3px;\"\n\t\t\t\t\t\t\t\tdata-frame_1=\"st:2600;\"\n\t\t\t\t\t\t\t\tdata-frame_999=\"st:w;auto:true;\"\n\t\t\t\t\t\t\t\tstyle=\"z-index:11;background-color:rgba(253,67,38,1);font-family:Roboto;text-shadow:none;\"\n\t\t\t\t\t\t\t><rs-bg-elem style=\"position:absolute; top:0px;left:0px;\"><\/rs-bg-elem>\n<a href=\"https:\/\/www.suomenitratkaisut.fi\/palvelut\/\">Tutustu palveluihimme <i class=\"fa fa-long-arrow-right\"><\/i><\/a> \n\t\t\t\t\t\t\t<\/rs-layer><!--\n\t\t\t\t\t--><\/rs-static-layers>\n\t\t\t\t<\/rs-module>\n\t\t\t\t<script type=\"text\/javascript\">\n\t\t\t\t\tsetREVStartSize({c: 'rev_slider_2_1',rl:[1240,1024,778,480],el:[630],gw:[1140],gh:[630],type:'standard',justify:'',layout:'fullwidth',mh:\"630\"});\n\t\t\t\t<\/script>\n\t\t\t<\/rs-module-wrap>\n\t\t\t<!-- END REVOLUTION SLIDER -->\n<\/div>\n\n\t\t<\/div> \n\t<\/div> \n<\/div><\/div><\/div><div class='bg-parallax gambit-bg-parallax parallax' data-bg-align='' data-direction='none' data-velocity='-0.3' data-mobile-enabled='' data-break-parents='' data-bg-height='' data-bg-width='' data-bg-image='data:image\/gif;base64,R0lGODlhAQABAIAAAAAAAP\/\/\/yH5BAEAAAAALAAAAAABAAEAAAIBRAA7' data-bg-repeat='false'><\/div><div  class=\"bg_parallax  vc_custom_1422901360917\"><div class=\"container\"><div class=\"vc_row wpb_row vc_row-fluid\">\n\t<div class=\"vc_col-sm-12 wpb_column vc_column_container \">\n\t\t<div class=\"wpb_wrapper\">\n\t\t\t<div class=\"ts-CTA\">\n\t\t\t\t\t\t<div class=\"row\">\n\t\t\t\t\t\t\t<div class=\"col-lg-7 col-md-7 col-sm-9 col-xs-12\">\n\t\t\t\t\t\t\t\t<div class=\"ts-left-CTA\" style=\"color:#ffffff;\">\n\t\t\t\t\t\t\t\t\t<h3 style=\"color:#ffffff;\">Her\u00e4sik\u00f6 kiinnostuksesi?<\/h3><p>Ota yhteytt\u00e4, niin katsotaan yhdess\u00e4, mit\u00e4 voimme hyv\u00e4ksenne tehd\u00e4.<\/p>\n<\/div>\n\t\t\t\t\t\t\t<\/div>\n\t\t\t\t\t\t\t<div class=\"col-lg-5 col-md-5 col-sm-3 col-xs-12\">\n\t\t\t\t\t\t\t\t<div class=\"ts-right-CTA ts-right-CTA-424\">\n\t\t\t\t\t\t\t\t\t<a class=\"ts-style-button-cta\" style=\"background:#f39200;color:#ffffff;border:2px solid #ffffff\" href=\"http:\/\/www.suomenitratkaisut.fi\/yhteystiedot\/\">Ota yhteytt\u00e4<\/a>\n\t\t\t\t\t\t\t\t<\/div>\n\t\t\t\t\t\t\t<\/div>\n\t\t\t\t\t\t<\/div>\n\t\t\t\t\t<\/div>\n\t\t\t\t\t<script>\n\t\t\t\t\t\tjQuery(document).ready(function(){\n\t\t\t\t\t\t  jQuery(\".ts-right-CTA-424 a.ts-style-button-cta\").hover(function(){\n\t\t\t\t\t\t    jQuery(\".ts-right-CTA-424 a.ts-style-button-cta\").css(\"background\",\"#ffffff\");\n\t\t\t\t\t\t    jQuery(\".ts-right-CTA-424 a.ts-style-button-cta\").css(\"color\",\"#f39200\");\n\t\t\t\t\t\t    },function(){\n\t\t\t\t\t\t    jQuery(\".ts-right-CTA-424 a.ts-style-button-cta\").css(\"background\",\"#f39200\");\n\t\t\t\t\t\t    jQuery(\".ts-right-CTA-424 a.ts-style-button-cta\").css(\"color\",\"#ffffff\");\n\t\t\t\t\t\t  });\n\t\t\t\t\t\t});\n\t\t\t\t\t<\/script>\n\t\t<\/div> \n\t<\/div> \n<\/div><\/div><\/div><div class='bg-parallax gambit-bg-parallax parallax' data-bg-align='' data-direction='none' data-velocity='-0.3' data-mobile-enabled='' data-break-parents='' data-bg-height='' data-bg-width='' data-bg-image='data:image\/gif;base64,R0lGODlhAQABAIAAAAAAAP\/\/\/yH5BAEAAAAALAAAAAABAAEAAAIBRAA7' data-bg-repeat='false'><\/div><div  class=\"bg_parallax  vc_custom_1422971162571\"><div class=\"container\"><div class=\"vc_row wpb_row vc_row-fluid\">\n\t<div class=\"vc_col-sm-4 wpb_column vc_column_container \">\n\t\t<div class=\"wpb_wrapper\">\n\t\t\t<div class=\"ts-service-style-1\">\n\t\t\t\t\t\t<div class=\"service-title\">\n\t\t\t\t\t\t\t<span class=\"service-icon\"><i class=\"fa fa-database\"><\/i><\/span>\n\t\t\t\t\t\t\t<h3>Luotettavaa palvelua<\/h3>\n\t\t\t\t\t\t<\/div>\n\t\t\t\t\t\t<div class=\"service-content\"><p>Ydinosaamisemme on ohjelmistotuotannossa. Kaikki ohjelmamme ovat Suomessa tehtyj\u00e4 ja ne toimivat omilla palvelimilla suomalaisissa palvelinsaleissa.<\/p>\n<\/div><\/div>\n\t\t<\/div> \n\t<\/div> \n\n\t<div class=\"vc_col-sm-4 wpb_column vc_column_container \">\n\t\t<div class=\"wpb_wrapper\">\n\t\t\t<div class=\"ts-service-style-1\">\n\t\t\t\t\t\t<div class=\"service-title\">\n\t\t\t\t\t\t\t<span class=\"service-icon\"><i class=\"fa fa-cubes\"><\/i><\/span>\n\t\t\t\t\t\t\t<h3>Ammattimaista kehitysty\u00f6t\u00e4<\/h3>\n\t\t\t\t\t\t<\/div>\n\t\t\t\t\t\t<div class=\"service-content\"><p>Kehitt\u00e4m\u00e4mme ohjelmat ovat innovatiivisia, tehokkaita ja turvallisia, eik\u00e4 niiden k\u00e4ytt\u00e4minen vaadi laitteistoinvestointeja.<\/p>\n<\/div><\/div>\n\t\t<\/div> \n\t<\/div> \n\n\t<div class=\"vc_col-sm-4 wpb_column vc_column_container \">\n\t\t<div class=\"wpb_wrapper\">\n\t\t\t<div class=\"ts-service-style-1\">\n\t\t\t\t\t\t<div class=\"service-title\">\n\t\t\t\t\t\t\t<span class=\"service-icon\"><i class=\"fa fa-folder-open\"><\/i><\/span>\n\t\t\t\t\t\t\t<h3>Software as a service<\/h3>\n\t\t\t\t\t\t<\/div>\n\t\t\t\t\t\t<div class=\"service-content\"><p>S\u00e4hk\u00f6inen markkinointi, kotisivujen yll\u00e4pito tai tiedonsiirto helpottuvat huomattavasti kehitt\u00e4mill\u00e4mme SaaS -ohjelmilla.<\/p>\n<\/div><\/div>\n\t\t<\/div> \n\t<\/div> \n<\/div><\/div><\/div>\n","protected":false},"excerpt":{"rendered":"Suomen IT-ratkaisut Oy S\u00e4hk\u00f6isen markkinoinnin ja internetsovellusten ammattilainen Viestisuora - Helppo ty\u00f6kalu uutiskirjeiden l\u00e4hett\u00e4miseen Kyselyt - R\u00e4\u00e4t\u00e4l\u00f6idyt ja luotettavat kyselylomakkeet Tiedonsiirto - Siirr\u00e4 tiedostot turvallisesti Siirto24 -ohjelmalla Taskari - Ty\u00f6ajan seuranta- ja suunnitteluohjelmisto Tutustu palveluihimme setREVStartSize({c: 'rev_slider_2_2',rl:[1240,1024,778,480],el:[630],gw:[1140],gh:[630],type:'standard',justify:'',layout:'fullwidth',mh:\"630\"}); Her\u00e4sik\u00f6 kiinnostuksesi?Ota yhteytt\u00e4, niin katsotaan yhdess\u00e4, mit\u00e4 voimme hyv\u00e4ksenne tehd\u00e4. Ota yhteytt\u00e4 jQuery(document).ready(function(){ jQuery(\".ts-right-CTA-540 a.ts-style-button-cta\").hover(function(){ jQuery(\".ts-right-CTA-540 a.ts-style-button-cta\").css(\"background\",\"#ffffff\"); jQuery(\".ts-right-CTA-540 [...]","protected":false},"author":2,"featured_media":0,"parent":0,"menu_order":0,"comment_status":"open","ping_status":"open","template":"templates\/home-template.php","meta":{"footnotes":""},"class_list":["post-382","page","type-page","status-publish","hentry"],"_links":{"self":[{"href":"https:\/\/suomenitratkaisut.fi\/index.php?rest_route=\/wp\/v2\/pages\/382","targetHints":{"allow":["GET"]}}],"collection":[{"href":"https:\/\/suomenitratkaisut.fi\/index.php?rest_route=\/wp\/v2\/pages"}],"about":[{"href":"https:\/\/suomenitratkaisut.fi\/index.php?rest_route=\/wp\/v2\/types\/page"}],"author":[{"embeddable":true,"href":"https:\/\/suomenitratkaisut.fi\/index.php?rest_route=\/wp\/v2\/users\/2"}],"replies":[{"embeddable":true,"href":"https:\/\/suomenitratkaisut.fi\/index.php?rest_route=%2Fwp%2Fv2%2Fcomments&post=382"}],"version-history":[{"count":19,"href":"https:\/\/suomenitratkaisut.fi\/index.php?rest_route=\/wp\/v2\/pages\/382\/revisions"}],"predecessor-version":[{"id":1534,"href":"https:\/\/suomenitratkaisut.fi\/index.php?rest_route=\/wp\/v2\/pages\/382\/revisions\/1534"}],"wp:attachment":[{"href":"https:\/\/suomenitratkaisut.fi\/index.php?rest_route=%2Fwp%2Fv2%2Fmedia&parent=382"}],"curies":[{"name":"wp","href":"https:\/\/api.w.org\/{rel}","templated":true}]}}