{"id":1476,"date":"2015-02-02T18:46:55","date_gmt":"2015-02-02T18:46:55","guid":{"rendered":"http:\/\/www.suomenitratkaisut.fi\/?page_id=1476"},"modified":"2015-02-09T18:38:48","modified_gmt":"2015-02-09T18:38:48","slug":"sms-viestit","status":"publish","type":"page","link":"https:\/\/suomenitratkaisut.fi\/?page_id=1476","title":{"rendered":"Taskari"},"content":{"rendered":"<div  class=\"bg_parallax \"><div class=\"\"><div class=\"vc_row wpb_row vc_row-fluid\">\n\t<div class=\"vc_col-sm-12 wpb_column vc_column_container \">\n\t\t<div class=\"wpb_wrapper\">\n\t\t\t\n\t<div class=\"wpb_text_column wpb_content_element \">\n\t\t<div class=\"wpb_wrapper\">\n\t\t\t<p><strong>Taskari ty\u00f6ajanseurantaan<\/strong><\/p>\n<p>Taskari on kaiken kokoisille yrityksille soveltuva, mobiili- tai leimauslaitteilla toimiva ty\u00f6ajan seuranta- ja suunnitteluohjelma. Lue lis\u00e4\u00e4 ohjelman omilta sivuilta<\/p>\n<p><a class=\"ts-bt bt-login\" style=\"margin-left: 0px\" href=\"https:\/\/taskari.fi\" target=\"_blank\">Taskarin omat sivut <\/a><br \/>\n<img decoding=\"async\" src=\"https:\/\/suomenitratkaisut.fi\/wp-content\/uploads\/2021\/10\/multiplanner_Taskari.gif\" style=\"margin-top: 40px; width: 400px; height: auto;\" \/><\/p>\n\n\t\t<\/div> \n\t<\/div> \n\t\t<\/div> \n\t<\/div> \n<\/div><\/div><\/div>\n","protected":false},"excerpt":{"rendered":"Taskari ty\u00f6ajanseurantaan Taskari on kaiken kokoisille yrityksille soveltuva, mobiili- tai leimauslaitteilla toimiva ty\u00f6ajan seuranta- ja suunnitteluohjelma. Lue lis\u00e4\u00e4 ohjelman omilta sivuilta Taskarin omat sivut","protected":false},"author":1,"featured_media":0,"parent":119,"menu_order":4,"comment_status":"open","ping_status":"open","template":"templates\/page_sidebar_left.php","meta":{"footnotes":""},"class_list":["post-1476","page","type-page","status-publish","hentry"],"_links":{"self":[{"href":"https:\/\/suomenitratkaisut.fi\/index.php?rest_route=\/wp\/v2\/pages\/1476","targetHints":{"allow":["GET"]}}],"collection":[{"href":"https:\/\/suomenitratkaisut.fi\/index.php?rest_route=\/wp\/v2\/pages"}],"about":[{"href":"https:\/\/suomenitratkaisut.fi\/index.php?rest_route=\/wp\/v2\/types\/page"}],"author":[{"embeddable":true,"href":"https:\/\/suomenitratkaisut.fi\/index.php?rest_route=\/wp\/v2\/users\/1"}],"replies":[{"embeddable":true,"href":"https:\/\/suomenitratkaisut.fi\/index.php?rest_route=%2Fwp%2Fv2%2Fcomments&post=1476"}],"version-history":[{"count":6,"href":"https:\/\/suomenitratkaisut.fi\/index.php?rest_route=\/wp\/v2\/pages\/1476\/revisions"}],"predecessor-version":[{"id":1655,"href":"https:\/\/suomenitratkaisut.fi\/index.php?rest_route=\/wp\/v2\/pages\/1476\/revisions\/1655"}],"up":[{"embeddable":true,"href":"https:\/\/suomenitratkaisut.fi\/index.php?rest_route=\/wp\/v2\/pages\/119"}],"wp:attachment":[{"href":"https:\/\/suomenitratkaisut.fi\/index.php?rest_route=%2Fwp%2Fv2%2Fmedia&parent=1476"}],"curies":[{"name":"wp","href":"https:\/\/api.w.org\/{rel}","templated":true}]}}