{"id":1474,"date":"2015-02-02T18:46:37","date_gmt":"2015-02-02T18:46:37","guid":{"rendered":"http:\/\/www.suomenitratkaisut.fi\/?page_id=1474"},"modified":"2015-02-03T15:24:46","modified_gmt":"2015-02-03T15:24:46","slug":"tiedonsiirto","status":"publish","type":"page","link":"https:\/\/suomenitratkaisut.fi\/?page_id=1474","title":{"rendered":"Tiedonsiirto"},"content":{"rendered":"<div  class=\"bg_parallax \"><div class=\"\"><div class=\"vc_row wpb_row vc_row-fluid\">\n\t<div class=\"vc_col-sm-12 wpb_column vc_column_container \">\n\t\t<div class=\"wpb_wrapper\">\n\t\t\t\n\t<div class=\"wpb_text_column wpb_content_element \">\n\t\t<div class=\"wpb_wrapper\">\n\t\t\t<p><strong>Tiedostojen l\u00e4hett\u00e4minen s\u00e4hk\u00f6postin liitetiedostoina ei ole j\u00e4rkev\u00e4\u00e4.<\/strong><\/p>\n<p>Jos tiedosto on v\u00e4h\u00e4nkin suurempi on todenn\u00e4k\u00f6ist\u00e4, ett\u00e4 vastaanottaja ei sit\u00e4 saa. Syyn\u00e4 voi olla l\u00e4hett\u00e4v\u00e4n tai vastaanottavan s\u00e4hk\u00f6postipalvelimen m\u00e4\u00e4ritykset. Ftp-palvelu miellet\u00e4\u00e4n usein hankalak\u00e4ytt\u00f6iseksi. Lis\u00e4ksi Ftp-palvelimen tietoturva on ainakin osaamattomissa k\u00e4siss\u00e4 heikko.<\/p>\n<p><i>Siirto24<\/i> on Suomessa tehty, t\u00e4ysin yrityksen tarpeisiin r\u00e4\u00e4t\u00e4l\u00f6it\u00e4v\u00e4 tiedostojen siirtoon tarkoitettu ohjelma. Se mahdollistaa suurten tiedostojen vastaanottamisen ja l\u00e4hett\u00e4misen helposti ja ennen kaikkea turvallisesti.<\/p>\n\n\t\t<\/div> \n\t<\/div> \n\t\t<\/div> \n\t<\/div> \n<\/div><\/div><\/div><div class='bg-parallax gambit-bg-parallax parallax' data-bg-align='' data-direction='none' data-velocity='-0.3' data-mobile-enabled='' data-break-parents='' data-bg-height='' data-bg-width='' data-bg-image='data:image\/gif;base64,R0lGODlhAQABAIAAAAAAAP\/\/\/yH5BAEAAAAALAAAAAABAAEAAAIBRAA7' data-bg-repeat='false'><\/div><div  class=\"bg_parallax  vc_custom_1422976846998\"><div class=\"\"><div class=\"vc_row wpb_row vc_row-fluid\">\n\t<div class=\"vc_col-sm-12 wpb_column vc_column_container \">\n\t\t<div class=\"wpb_wrapper\">\n\t\t\t<div class=\"ts-list-style ts-orderlist\"><h4>Kun l\u00e4het\u00e4t tiedostoja asiakkaille tai sidosryhmille on toimintaperiaate t\u00e4m\u00e4:<\/h4><ul><li><a href=\"#\">Kirjaudut ohjelmaan ja lataat tiedostot palvelimelle <\/a><\/li><li><a href=\"#\">Valitset kenelle haluat tiedostot l\u00e4hett\u00e4\u00e4 <\/a><\/li><li><a href=\"#\">Ohjelma pakkaa tiedostot yhdeksi zip-paketiksi <\/a><\/li><li><a href=\"#\">Tarvittaessa zip-paketin voi suojata salasanalla. Salasana l\u00e4hetet\u00e4\u00e4n vastaanottajalle erillisen\u00e4 s\u00e4hk\u00f6postiviestin\u00e4 tai tekstiviestin\u00e4 <\/a><\/li><li><a href=\"#\">Vastaanottajille l\u00e4htee s\u00e4hk\u00f6postiviesti. Viestiss\u00e4 kerrotaan, ett\u00e4 olet l\u00e4hett\u00e4m\u00e4ss\u00e4 heille tiedostoa. Lis\u00e4ksi viesti sis\u00e4lt\u00e4\u00e4 linkin, jota klikkaamalla vastaanottaja voi tiedoston ladata <\/a><\/li><li><a href=\"#\">Kun vastaanottajat ovat tiedoston ladanneet se poistuu automaattisesti palvelimelta <\/a><\/li><\/ul><\/div>\n\t\t<\/div> \n\t<\/div> \n<\/div><\/div><\/div><div  class=\"bg_parallax \"><div class=\"\"><div class=\"vc_row wpb_row vc_row-fluid\">\n\t<div class=\"vc_col-sm-12 wpb_column vc_column_container \">\n\t\t<div class=\"wpb_wrapper\">\n\t\t\t\n\t<div class=\"wpb_text_column wpb_content_element  vc_custom_1422976871090\">\n\t\t<div class=\"wpb_wrapper\">\n\t\t\t<p>Tiedoston vastaanotto tapahtuu samalla periaatteella. Huomaa, ett\u00e4 ohjelma ja sen l\u00e4hett\u00e4m\u00e4t viestit ovat t\u00e4ysin r\u00e4\u00e4t\u00e4l\u00f6it\u00e4viss\u00e4 sis\u00e4ll\u00f6llisesti ja ulkoasullisesti. K\u00e4ytt\u00f6kielen\u00e4 on suomi, englanti, ruotsi tai halutessanne joku nelj\u00e4s vaihtoehto.<\/p>\n<p><i>Siirto24<\/i> yll\u00e4pit\u00e4\u00e4 kattavaa rekisteri\u00e4 l\u00e4hetetyist\u00e4 ja vastaanotetuista tiedostoista. Muutenkin tietoturva on ollut kantava teema koko ohjelman suunnittelun ajan.<\/p>\n<p>Ohjelman hankkimiseksi on kaksi vaihtoehtoa: sen voi hankkia omaksi (jolloin se asennetaan yrityksen palvelimelle) tai sen voi ostaa palveluna (jolloin tiedostot tallennetaan suomalaisessa palvelintilassa olevalle Suomen IT-ratkaisut Oy:n palvelimelle).<\/p>\n\n\t\t<\/div> \n\t<\/div> \n\t\t<\/div> \n\t<\/div> \n<\/div><\/div><\/div><div  class=\"bg_parallax \"><div class=\"\"><div class=\"vc_row wpb_row vc_row-fluid\">\n\t<div class=\"vc_col-sm-12 wpb_column vc_column_container \">\n\t\t<div class=\"wpb_wrapper\">\n\t\t\t\n\t<div class=\"wpb_text_column wpb_content_element  vc_custom_1422976915019\">\n\t\t<div class=\"wpb_wrapper\">\n\t\t\t<p><strong>Tiedonsiirto omaksi ohjelmaksi<\/strong><\/p>\n<p>Pienyritykset (1-10 henkil\u00f6\u00e4) voivat ostaa ohjelman omaksi verottomaan hintaan 1370\u00e2\u201a\u00ac. T\u00e4ss\u00e4 perusversiossa kielivaihtoehtoina ovat suomi ja englanti. Hinta sis\u00e4lt\u00e4\u00e4 ohjelman ulkoasun muokkaamisen yrityksen ilmeen mukaiseksi sek\u00e4 ohjelman l\u00e4hett\u00e4mien s\u00e4hk\u00f6postiviestien muokkaamisen yrityksen tarpeita vastaavaksi. Ohjelmaan luodaan p\u00e4\u00e4k\u00e4ytt\u00e4j\u00e4, joka sen j\u00e4lkeen voi itsen\u00e4isesti luoda tunnuksia yrityksen muille ty\u00f6ntekij\u00f6ille. Hinta edellytt\u00e4\u00e4, ett\u00e4 ohjelma voidaan asentaa palvelimelle et\u00e4n\u00e4. Matka- ja muut kulut lis\u00e4t\u00e4\u00e4n hintaan, jos asennus tehd\u00e4\u00e4n paikan p\u00e4\u00e4ll\u00e4.<\/p>\n<p>Suuremmille yrityksille r\u00e4\u00e4t\u00e4l\u00f6id\u00e4\u00e4n tarjous erikseen.<\/p>\n<p>Ohjelma toimii Apache\/MySQL\/PHP -ymp\u00e4rist\u00f6ss\u00e4. Tarvittava ymp\u00e4rist\u00f6 asennetaan ohjelman asennuksen yhteydess\u00e4.<\/p>\n\n\t\t<\/div> \n\t<\/div> \n\t\t<\/div> \n\t<\/div> \n<\/div><\/div><\/div><div class='bg-parallax gambit-bg-parallax parallax' data-bg-align='' data-direction='none' data-velocity='-0.3' data-mobile-enabled='' data-break-parents='' data-bg-height='' data-bg-width='' data-bg-image='data:image\/gif;base64,R0lGODlhAQABAIAAAAAAAP\/\/\/yH5BAEAAAAALAAAAAABAAEAAAIBRAA7' data-bg-repeat='false'><\/div><div  class=\"bg_parallax  vc_custom_1422977005895\"><div class=\"\"><div class=\"vc_row wpb_row vc_row-fluid\">\n\t<div class=\"vc_col-sm-12 wpb_column vc_column_container \">\n\t\t<div class=\"wpb_wrapper\">\n\t\t\t<div class=\"ts-list-style ts-orderlist\"><h4>Koneella, johon ohjelma asennetaan tulee olla:<\/h4><ul><li><a href=\"#\">P\u00e4\u00e4sy internettiin <\/a><\/li><li><a href=\"#\">Kiinte\u00e4 ulkoinen IP ja mielell\u00e4\u00e4n looginen DNS-nimi (esimerkiksi tiedostopalvelin.yritys.fi) <\/a><\/li><li><a href=\"#\">P\u00e4\u00e4sy yrityksen s\u00e4hk\u00f6postipalvelimeen. Ohjelma l\u00e4hett\u00e4\u00e4 s\u00e4hk\u00f6postiviestit k\u00e4ytt\u00e4j\u00e4n omasta s\u00e4hk\u00f6postiosoitteesta <\/a><\/li><li><a href=\"#\">Vapaata keskusmuistia v\u00e4hint\u00e4\u00e4n 2GB <\/a><\/li><li><a href=\"#\">Vapaata kiintolevytilaa v\u00e4hint\u00e4\u00e4n 50GB. M\u00e4\u00e4r\u00e4 riippuu suuresti ohjelman k\u00e4ytt\u00f6asteesta <\/a><\/li><\/ul><\/div>\n\t\t<\/div> \n\t<\/div> \n<\/div><\/div><\/div><div  class=\"bg_parallax \"><div class=\"\"><div class=\"vc_row wpb_row vc_row-fluid\">\n\t<div class=\"vc_col-sm-12 wpb_column vc_column_container \">\n\t\t<div class=\"wpb_wrapper\">\n\t\t\t\n\t<div class=\"wpb_text_column wpb_content_element  vc_custom_1422977080447\">\n\t\t<div class=\"wpb_wrapper\">\n\t\t\t<p><strong>Tiedonsiirto ohjelmapalveluna<\/strong><\/p>\n<p>Tiedonsiirto-ohjelmaa voi k\u00e4ytt\u00e4\u00e4 my\u00f6s palveluna. T\u00e4ll\u00f6in tiedostot ja s\u00e4hk\u00f6postiviestit l\u00e4hetet\u00e4\u00e4n palvelimeltamme. Muuten ohjelman toiminta ei poikkea omaksi ostetusta tiedonsiirto-ohjelmasta.<\/p>\n<p>Veroton, yrityskohtainen perustamismaksu palvelulle on 150\u00e2\u201a\u00ac. Hinta sis\u00e4lt\u00e4\u00e4 ohjelman l\u00e4hett\u00e4mien viestien r\u00e4\u00e4t\u00e4l\u00f6innin, kattavat ohjeet sek\u00e4 tunnukset yrityksen p\u00e4\u00e4k\u00e4ytt\u00e4j\u00e4lle.<\/p>\n<p>Kuukausimaksu on kiinte\u00e4 ja se riippuu tarvittavasta levytilasta sek\u00e4 siirretyst\u00e4 datam\u00e4\u00e4r\u00e4st\u00e4.<\/p>\n\n\t\t<\/div> \n\t<\/div> \n\t\t<\/div> \n\t<\/div> \n<\/div><\/div><\/div>\n","protected":false},"excerpt":{"rendered":"Tiedostojen l\u00e4hett\u00e4minen s\u00e4hk\u00f6postin liitetiedostoina ei ole j\u00e4rkev\u00e4\u00e4. Jos tiedosto on v\u00e4h\u00e4nkin suurempi on todenn\u00e4k\u00f6ist\u00e4, ett\u00e4 vastaanottaja ei sit\u00e4 saa. Syyn\u00e4 voi olla l\u00e4hett\u00e4v\u00e4n tai vastaanottavan s\u00e4hk\u00f6postipalvelimen m\u00e4\u00e4ritykset. Ftp-palvelu miellet\u00e4\u00e4n usein hankalak\u00e4ytt\u00f6iseksi. Lis\u00e4ksi Ftp-palvelimen tietoturva on ainakin osaamattomissa k\u00e4siss\u00e4 heikko. Siirto24 on Suomessa tehty, t\u00e4ysin yrityksen tarpeisiin r\u00e4\u00e4t\u00e4l\u00f6it\u00e4v\u00e4 tiedostojen siirtoon tarkoitettu ohjelma. Se mahdollistaa suurten tiedostojen [...]","protected":false},"author":1,"featured_media":0,"parent":119,"menu_order":3,"comment_status":"open","ping_status":"open","template":"templates\/page_sidebar_left.php","meta":{"footnotes":""},"class_list":["post-1474","page","type-page","status-publish","hentry"],"_links":{"self":[{"href":"https:\/\/suomenitratkaisut.fi\/index.php?rest_route=\/wp\/v2\/pages\/1474","targetHints":{"allow":["GET"]}}],"collection":[{"href":"https:\/\/suomenitratkaisut.fi\/index.php?rest_route=\/wp\/v2\/pages"}],"about":[{"href":"https:\/\/suomenitratkaisut.fi\/index.php?rest_route=\/wp\/v2\/types\/page"}],"author":[{"embeddable":true,"href":"https:\/\/suomenitratkaisut.fi\/index.php?rest_route=\/wp\/v2\/users\/1"}],"replies":[{"embeddable":true,"href":"https:\/\/suomenitratkaisut.fi\/index.php?rest_route=%2Fwp%2Fv2%2Fcomments&post=1474"}],"version-history":[{"count":4,"href":"https:\/\/suomenitratkaisut.fi\/index.php?rest_route=\/wp\/v2\/pages\/1474\/revisions"}],"predecessor-version":[{"id":1595,"href":"https:\/\/suomenitratkaisut.fi\/index.php?rest_route=\/wp\/v2\/pages\/1474\/revisions\/1595"}],"up":[{"embeddable":true,"href":"https:\/\/suomenitratkaisut.fi\/index.php?rest_route=\/wp\/v2\/pages\/119"}],"wp:attachment":[{"href":"https:\/\/suomenitratkaisut.fi\/index.php?rest_route=%2Fwp%2Fv2%2Fmedia&parent=1474"}],"curies":[{"name":"wp","href":"https:\/\/api.w.org\/{rel}","templated":true}]}}