{"id":1472,"date":"2015-02-02T18:46:11","date_gmt":"2015-02-02T18:46:11","guid":{"rendered":"http:\/\/www.suomenitratkaisut.fi\/?page_id=1472"},"modified":"2015-02-03T15:16:10","modified_gmt":"2015-02-03T15:16:10","slug":"kyselyt","status":"publish","type":"page","link":"https:\/\/suomenitratkaisut.fi\/?page_id=1472","title":{"rendered":"Kyselyt"},"content":{"rendered":"<div  class=\"bg_parallax \"><div class=\"\"><div class=\"vc_row wpb_row vc_row-fluid\">\n\t<div class=\"vc_col-sm-12 wpb_column vc_column_container \">\n\t\t<div class=\"wpb_wrapper\">\n\t\t\t\n\t<div class=\"wpb_text_column wpb_content_element  vc_custom_1422976244458\">\n\t\t<div class=\"wpb_wrapper\">\n\t\t\t<p><strong>Internetiss\u00e4 t\u00e4ytett\u00e4v\u00e4t kyselylomakkeet ovat lis\u00e4nneet voimakaasti suosiotaan.<\/strong><\/p>\n\n\t\t<\/div> \n\t<\/div> \n\t\t<\/div> \n\t<\/div> \n<\/div><\/div><\/div><div class='bg-parallax gambit-bg-parallax parallax' data-bg-align='' data-direction='none' data-velocity='-0.3' data-mobile-enabled='' data-break-parents='' data-bg-height='' data-bg-width='' data-bg-image='data:image\/gif;base64,R0lGODlhAQABAIAAAAAAAP\/\/\/yH5BAEAAAAALAAAAAABAAEAAAIBRAA7' data-bg-repeat='false'><\/div><div  class=\"bg_parallax  vc_custom_1422976328248\"><div class=\"\"><div class=\"vc_row wpb_row vc_row-fluid\">\n\t<div class=\"vc_col-sm-12 wpb_column vc_column_container \">\n\t\t<div class=\"wpb_wrapper\">\n\t\t\t<div class=\"ts-list-style ts-orderlist\"><h4>T\u00e4h\u00e4n on useita syit\u00e4:<\/h4><ul><li><a href=\"#\">Kyselykutsu on helppo l\u00e4hett\u00e4\u00e4 s\u00e4hk\u00f6postitse <\/a><\/li><li><a href=\"#\">Kyselyt voidaan suojata k\u00e4ytt\u00e4j\u00e4tunnuksin <\/a><\/li><li><a href=\"#\">Kyselyvastauksista on helppo ty\u00f6st\u00e4\u00e4 raportti <\/a><\/li><li><a href=\"#\">Kyselyist\u00e4 saadaan n\u00e4ytt\u00e4v\u00e4n n\u00e4k\u00f6isi\u00e4 ja niihin voidaan upottaa \u00e4lykk\u00e4it\u00e4 toimintoja <\/a><\/li><li><a href=\"#\">Kyselyit\u00e4mme on helppo tehd\u00e4 ja helppo t\u00e4ytt\u00e4\u00e4 <\/a><\/li><\/ul><\/div>\n\t\t<\/div> \n\t<\/div> \n<\/div><\/div><\/div><div  class=\"bg_parallax \"><div class=\"\"><div class=\"vc_row wpb_row vc_row-fluid\">\n\t<div class=\"vc_col-sm-12 wpb_column vc_column_container \">\n\t\t<div class=\"wpb_wrapper\">\n\t\t\t\n\t<div class=\"wpb_text_column wpb_content_element  vc_custom_1422976384910\">\n\t\t<div class=\"wpb_wrapper\">\n\t\t\t<p>Kutsuminen kyselyyn tapahtuu l\u00e4hett\u00e4m\u00e4ll\u00e4 ohjelmasta kutsu s\u00e4hk\u00f6postitse. Ohjelmassa voi t\u00e4t\u00e4 varten yll\u00e4pit\u00e4\u00e4 my\u00f6s omaa asiakasrekisteri\u00e4.<\/p>\n<p><strong>Hinnoittelu:<\/strong><\/p>\n<p>Ohjelma toimii Suomen IT-ratkaisut Oy:n palvelimella, joten se ei vaadi laitteistoinvestointeja.<\/p>\n\n\t\t<\/div> \n\t<\/div> \n\t\t<\/div> \n\t<\/div> \n<\/div><\/div><\/div><div class='bg-parallax gambit-bg-parallax parallax' data-bg-align='' data-direction='none' data-velocity='-0.3' data-mobile-enabled='' data-break-parents='' data-bg-height='' data-bg-width='' data-bg-image='data:image\/gif;base64,R0lGODlhAQABAIAAAAAAAP\/\/\/yH5BAEAAAAALAAAAAABAAEAAAIBRAA7' data-bg-repeat='false'><\/div><div  class=\"bg_parallax  vc_custom_1422976565634\"><div class=\"\"><div class=\"vc_row wpb_row vc_row-fluid\">\n\t<div class=\"vc_col-sm-12 wpb_column vc_column_container \">\n\t\t<div class=\"wpb_wrapper\">\n\t\t\t<div class=\"ts-list-style ts-orderlist\"><h4><\/h4><ul><li><a href=\"#\">Ohjelman k\u00e4ytt\u00f6\u00f6notto alkaen 390\u20ac \/ yritys (0% ALV) <\/a><\/li><li><a href=\"#\">Hinta sis\u00e4lt\u00e4\u00e4 yritykselle r\u00e4\u00e4t\u00e4l\u00f6idyn kyselypohjan, p\u00e4\u00e4k\u00e4ytt\u00e4j\u00e4n tunnukset ohjelmaan sek\u00e4 kattavat ohjeet <\/a><\/li><li><a href=\"#\">Kuukausimaksu alkaen 47\u20ac \/ kk (enint\u00e4\u00e4n 1000 kyselykutsua kuukaudessa) <\/a><\/li><li><a href=\"#\">Ohjelmaa on mahdollista testata veloituksetta 30 p\u00e4iv\u00e4\u00e4<\/a><\/li><\/ul><\/div>\n\t\t<\/div> \n\t<\/div> \n<\/div><\/div><\/div><br \/>\n<a href=\"https:\/\/www.suomenitratkaisut.fi\/yhteystiedot\/\"><strong>Ota yhteytt\u00e4<\/strong><\/a><\/p>\n","protected":false},"excerpt":{"rendered":"<p>Ota yhteytt\u00e4<\/p>\n","protected":false},"author":1,"featured_media":0,"parent":119,"menu_order":2,"comment_status":"open","ping_status":"open","template":"templates\/page_sidebar_left.php","meta":{"footnotes":""},"class_list":["post-1472","page","type-page","status-publish","hentry"],"_links":{"self":[{"href":"https:\/\/suomenitratkaisut.fi\/index.php?rest_route=\/wp\/v2\/pages\/1472","targetHints":{"allow":["GET"]}}],"collection":[{"href":"https:\/\/suomenitratkaisut.fi\/index.php?rest_route=\/wp\/v2\/pages"}],"about":[{"href":"https:\/\/suomenitratkaisut.fi\/index.php?rest_route=\/wp\/v2\/types\/page"}],"author":[{"embeddable":true,"href":"https:\/\/suomenitratkaisut.fi\/index.php?rest_route=\/wp\/v2\/users\/1"}],"replies":[{"embeddable":true,"href":"https:\/\/suomenitratkaisut.fi\/index.php?rest_route=%2Fwp%2Fv2%2Fcomments&post=1472"}],"version-history":[{"count":6,"href":"https:\/\/suomenitratkaisut.fi\/index.php?rest_route=\/wp\/v2\/pages\/1472\/revisions"}],"predecessor-version":[{"id":1592,"href":"https:\/\/suomenitratkaisut.fi\/index.php?rest_route=\/wp\/v2\/pages\/1472\/revisions\/1592"}],"up":[{"embeddable":true,"href":"https:\/\/suomenitratkaisut.fi\/index.php?rest_route=\/wp\/v2\/pages\/119"}],"wp:attachment":[{"href":"https:\/\/suomenitratkaisut.fi\/index.php?rest_route=%2Fwp%2Fv2%2Fmedia&parent=1472"}],"curies":[{"name":"wp","href":"https:\/\/api.w.org\/{rel}","templated":true}]}}