{"id":1470,"date":"2015-02-02T18:45:53","date_gmt":"2015-02-02T18:45:53","guid":{"rendered":"http:\/\/www.suomenitratkaisut.fi\/?page_id=1470"},"modified":"2015-02-03T15:06:12","modified_gmt":"2015-02-03T15:06:12","slug":"viestisuora","status":"publish","type":"page","link":"https:\/\/suomenitratkaisut.fi\/?page_id=1470","title":{"rendered":"Viestisuora"},"content":{"rendered":"<div  class=\"bg_parallax \"><div class=\"\"><div class=\"vc_row wpb_row vc_row-fluid\">\n\t<div class=\"vc_col-sm-12 wpb_column vc_column_container \">\n\t\t<div class=\"wpb_wrapper\">\n\t\t\t\n\t<div class=\"wpb_text_column wpb_content_element \">\n\t\t<div class=\"wpb_wrapper\">\n\t\t\t<p><strong>Viestisuora on ohjelma, jolla voi helposti l\u00e4hett\u00e4\u00e4 n\u00e4ytt\u00e4vi\u00e4 uutiskirjeit\u00e4, tiedotteita tai sidosryhm\u00e4viestej\u00e4. Ohjelma ei ole tarkoitettu kohdentamattomaan roskapostitukseen.<\/strong><\/p>\n<p>L\u00e4hetettyj\u00e4 viestej\u00e4 pystyt\u00e4\u00e4n seuraamaan ja n\u00e4kem\u00e4\u00e4n, ketk\u00e4 vastaanottajista ovat viestin avanneet ja onko vastaanottaja klikannut viestiss\u00e4 mahdollisesti olevia linkkej\u00e4.<\/p>\n\n\t\t<\/div> \n\t<\/div> \n\t\t<\/div> \n\t<\/div> \n<\/div><\/div><\/div><div class='bg-parallax gambit-bg-parallax parallax' data-bg-align='' data-direction='none' data-velocity='-0.3' data-mobile-enabled='' data-break-parents='' data-bg-height='' data-bg-width='' data-bg-image='data:image\/gif;base64,R0lGODlhAQABAIAAAAAAAP\/\/\/yH5BAEAAAAALAAAAAABAAEAAAIBRAA7' data-bg-repeat='false'><\/div><div  class=\"bg_parallax  vc_custom_1422975933810\"><div class=\"\"><div class=\"vc_row wpb_row vc_row-fluid\">\n\t<div class=\"vc_col-sm-12 wpb_column vc_column_container \">\n\t\t<div class=\"wpb_wrapper\">\n\t\t\t<div class=\"ts-list-style ts-orderlist\"><h4>Viestisuoran ominaisuudet lyhyesti:<\/h4><ul><li><a href=\"#\">Tuki usealle viestipohjalle<\/a><\/li><li><a href=\"#\">Viestien muodostaminen helppoa<\/a><\/li><li><a href=\"#\">Viestipohjassa on mahdollisuus k\u00e4ytt\u00e4\u00e4 kuvia jotka n\u00e4kyv\u00e4t vastaanottajalle ilman kuvien lataamista<\/a><\/li><li><a href=\"#\">Kattavat seurantaominaisuudet<\/a><\/li><li><a href=\"#\">Monipuoliset k\u00e4ytt\u00f6oikeusvalinnat<\/a><\/li><li><a href=\"#\">Ohjelmasta n\u00e4hd\u00e4\u00e4n my\u00f6s kenelle viesti\u00e4 ei voitu toimittaa<\/a><\/li><\/ul><\/div>\n\t\t<\/div> \n\t<\/div> \n<\/div><\/div><\/div><div class='bg-parallax gambit-bg-parallax parallax' data-bg-align='' data-direction='none' data-velocity='-0.3' data-mobile-enabled='' data-break-parents='' data-bg-height='' data-bg-width='' data-bg-image='data:image\/gif;base64,R0lGODlhAQABAIAAAAAAAP\/\/\/yH5BAEAAAAALAAAAAABAAEAAAIBRAA7' data-bg-repeat='false'><\/div><div  class=\"bg_parallax  vc_custom_1422975968073\"><div class=\"\"><div class=\"vc_row wpb_row vc_row-fluid\">\n\t<div class=\"vc_col-sm-12 wpb_column vc_column_container \">\n\t\t<div class=\"wpb_wrapper\">\n\t\t\t\n\t<div class=\"wpb_text_column wpb_content_element \">\n\t\t<div class=\"wpb_wrapper\">\n\t\t\t<p>S\u00e4hk\u00f6posti on hyv\u00e4 viestint\u00e4v\u00e4line ja tehokas markkinoinnin ty\u00f6kalu. S\u00e4hk\u00f6postiviestien l\u00e4hett\u00e4minen ilman vastaanottajan lupaa ei ole kuitenkaan j\u00e4rkev\u00e4\u00e4. Sen vuoksi Viestisuoralla ei saa k\u00e4ytt\u00e4\u00e4 ostettuja osoitteistoja.<\/p>\n<p>Viestisuoralla voi tehd\u00e4 s\u00e4hk\u00f6postiviestien lis\u00e4ksi www-sivuja. T\u00e4st\u00e4 on hy\u00f6ty\u00e4 erityisesti silloin jos yrityksen omille www-sivuille on hankala lis\u00e4t\u00e4 sis\u00e4lt\u00f6\u00e4.<\/p>\n<p><strong>K\u00e4ytt\u00f6esimerkki<\/strong><\/p>\n<p>Yritys on lanseeraamassa uuden tuotteen ja haluaisi kertoa siit\u00e4 asiakkailleen. Viestisuoralla tehd\u00e4\u00e4n ensin internetsivu, jossa tuote kuvataan mahdollisimman tarkkaan. Internetsivulla voi olla esimerkiksi kuvia tuotteesta, asennusohjeita jne.<\/p>\n<p>Kun internetsivu on valmis tehd\u00e4\u00e4n s\u00e4hk\u00f6postiviesti, jossa tuote kuvataan lyhyesti. Viestiin laitetaan linkki, miss\u00e4 kehoitetaan kiinnostuneita asiakkaita lukemaan lis\u00e4\u00e4. Jos asiakas klikkaa linkki\u00e4 h\u00e4nelle aukeaa samalla visuaalisella ulkoasulla koostettu internetsivu, jossa tuote kuvataan tarkasti.<\/p>\n<p>Yrityksess\u00e4 n\u00e4hd\u00e4\u00e4n, ketk\u00e4 s\u00e4hk\u00f6postiviestin vastaanottajista ovat klikanneet lis\u00e4tietoja -linkki\u00e4. T\u00e4ss\u00e4 vaiheessa on selv\u00e4\u00e4, ett\u00e4 kyseiset henkil\u00f6t ovat tuotteesta kiinnostuneita.<\/p>\n<p>Kiinnostuitko? Kysy lis\u00e4\u00e4 numerosta 045 114 1138 tai ota yhteytt\u00e4<\/p>\n\n\t\t<\/div> \n\t<\/div> \n\t\t<\/div> \n\t<\/div> \n<\/div><\/div><\/div>\n","protected":false},"excerpt":{"rendered":"Viestisuora on ohjelma, jolla voi helposti l\u00e4hett\u00e4\u00e4 n\u00e4ytt\u00e4vi\u00e4 uutiskirjeit\u00e4, tiedotteita tai sidosryhm\u00e4viestej\u00e4. Ohjelma ei ole tarkoitettu kohdentamattomaan roskapostitukseen. L\u00e4hetettyj\u00e4 viestej\u00e4 pystyt\u00e4\u00e4n seuraamaan ja n\u00e4kem\u00e4\u00e4n, ketk\u00e4 vastaanottajista ovat viestin avanneet ja onko vastaanottaja klikannut viestiss\u00e4 mahdollisesti olevia linkkej\u00e4. Viestisuoran ominaisuudet lyhyesti:Tuki usealle viestipohjalleViestien muodostaminen helppoaViestipohjassa on mahdollisuus k\u00e4ytt\u00e4\u00e4 kuvia jotka n\u00e4kyv\u00e4t vastaanottajalle ilman kuvien lataamistaKattavat seurantaominaisuudetMonipuoliset [...]","protected":false},"author":1,"featured_media":0,"parent":119,"menu_order":1,"comment_status":"open","ping_status":"open","template":"templates\/page_sidebar_left.php","meta":{"footnotes":""},"class_list":["post-1470","page","type-page","status-publish","hentry"],"_links":{"self":[{"href":"https:\/\/suomenitratkaisut.fi\/index.php?rest_route=\/wp\/v2\/pages\/1470","targetHints":{"allow":["GET"]}}],"collection":[{"href":"https:\/\/suomenitratkaisut.fi\/index.php?rest_route=\/wp\/v2\/pages"}],"about":[{"href":"https:\/\/suomenitratkaisut.fi\/index.php?rest_route=\/wp\/v2\/types\/page"}],"author":[{"embeddable":true,"href":"https:\/\/suomenitratkaisut.fi\/index.php?rest_route=\/wp\/v2\/users\/1"}],"replies":[{"embeddable":true,"href":"https:\/\/suomenitratkaisut.fi\/index.php?rest_route=%2Fwp%2Fv2%2Fcomments&post=1470"}],"version-history":[{"count":20,"href":"https:\/\/suomenitratkaisut.fi\/index.php?rest_route=\/wp\/v2\/pages\/1470\/revisions"}],"predecessor-version":[{"id":1587,"href":"https:\/\/suomenitratkaisut.fi\/index.php?rest_route=\/wp\/v2\/pages\/1470\/revisions\/1587"}],"up":[{"embeddable":true,"href":"https:\/\/suomenitratkaisut.fi\/index.php?rest_route=\/wp\/v2\/pages\/119"}],"wp:attachment":[{"href":"https:\/\/suomenitratkaisut.fi\/index.php?rest_route=%2Fwp%2Fv2%2Fmedia&parent=1470"}],"curies":[{"name":"wp","href":"https:\/\/api.w.org\/{rel}","templated":true}]}}