{"id":1468,"date":"2015-02-02T18:45:27","date_gmt":"2015-02-02T18:45:27","guid":{"rendered":"http:\/\/www.suomenitratkaisut.fi\/?page_id=1468"},"modified":"2015-02-10T16:28:32","modified_gmt":"2015-02-10T16:28:32","slug":"referenssit","status":"publish","type":"page","link":"https:\/\/suomenitratkaisut.fi\/?page_id=1468","title":{"rendered":"Referenssit"},"content":{"rendered":"<div class='bg-parallax gambit-bg-parallax parallax' data-bg-align='' data-direction='none' data-velocity='-0.3' data-mobile-enabled='' data-break-parents='' data-bg-height='' data-bg-width='' data-bg-image='data:image\/gif;base64,R0lGODlhAQABAIAAAAAAAP\/\/\/yH5BAEAAAAALAAAAAABAAEAAAIBRAA7' data-bg-repeat='false'><\/div><div  class=\"bg_parallax  vc_custom_1423510718824\"><div class=\"\"><div class=\"vc_row wpb_row vc_row-fluid\">\n\t<div class=\"vc_col-sm-6 wpb_column vc_column_container \">\n\t\t<div class=\"wpb_wrapper\">\n\t\t\t\n\t<div class=\"wpb_text_column wpb_content_element \">\n\t\t<div class=\"wpb_wrapper\">\n\t\t\t<p><img loading=\"lazy\" decoding=\"async\" class=\"alignnone size-full wp-image-1660\" src=\"http:\/\/www.suomenitratkaisut.fi\/wp-content\/uploads\/2015\/02\/Amitec_150_105.png\" alt=\"Amitec_150_105\" width=\"150\" height=\"105\" \/><\/p>\n<p><b>Amitec Oy <\/b><\/p>\n<p>Amitec Oy on vuonna 1984 perustettu teollisuuden monialaosaaja. Amitec Oy valitsi Suomen IT-Ratkaisut Oy:n toteuttamaan extranet-sivuston.<\/p>\n<p>Perustetun sivuston tarkoitus on tuoda lis\u00e4arvoa Amitec Oy:n asiakkaille kokoamalla projekteihin liittyv\u00e4t keskustelut, henkil\u00f6t, dokumentit ja lupa-asiat yhden k\u00e4ytt\u00f6liittym\u00e4n alle.<\/p>\n<p><a href=\"http:\/\/www.amitec.fi\" target=\"_blank\"><strong>www.amitec.fi<\/strong><\/a><\/p>\n\n\t\t<\/div> \n\t<\/div> \n\t\t<\/div> \n\t<\/div> \n\n\t<div class=\"vc_col-sm-6 wpb_column vc_column_container \">\n\t\t<div class=\"wpb_wrapper\">\n\t\t\t\n\t<div class=\"wpb_text_column wpb_content_element \">\n\t\t<div class=\"wpb_wrapper\">\n\t\t\t<p><img loading=\"lazy\" decoding=\"async\" class=\"alignnone size-full wp-image-1666\" src=\"https:\/\/www.suomenitratkaisut.fi\/wp-content\/uploads\/2015\/02\/Westlog_150_105.png\" alt=\"Westlog_150_105\" width=\"150\" height=\"105\" \/><\/p>\n<p><b>Westlog Oy <\/b><\/p>\n<p>Westlog Oy on Raisiolainen logistiikka- ja toimistopalveluihin keskittynyt yritys. Suomen IT-Ratkaisut Oy toimitti Westlog Oy:lle informaatiotauluj\u00e4rjestelm\u00e4n.<\/p>\n<p>J\u00e4rjestelm\u00e4 koostuu kolmesta itsen\u00e4isest\u00e4 informaatiotaulusta, joiden tarkoitus on parantaa tiedon kulkua sek\u00e4 esitt\u00e4\u00e4 reaaliaikaista tietoa varasto- ja ker\u00e4ilytilanteesta.<\/p>\n<p><a href=\"http:\/\/www.westlog.fi\/\" target=\"_blank\"><strong>www.westlog.fi<\/strong><\/a><\/p>\n\n\t\t<\/div> \n\t<\/div> \n\t\t<\/div> \n\t<\/div> \n<\/div><\/div><\/div><div  class=\"bg_parallax \"><div class=\"\"><div class=\"vc_row wpb_row vc_row-fluid\">\n\t<div class=\"vc_col-sm-12 wpb_column vc_column_container \">\n\t\t<div class=\"wpb_wrapper\">\n\t\t\t<div class=\"vc_separator wpb_content_element vc_sep_width_100 vc_sep_border_width_2 vc_sep_pos_align_left vc_separator_no_text vc_sep_color_grey\">\n\t<span class=\"vc_sep_holder vc_sep_holder_l\"><span class=\"vc_sep_line\"><\/span><\/span>\n\t\t<span class=\"vc_sep_holder vc_sep_holder_r\"><span class=\"vc_sep_line\"><\/span><\/span>\n<\/div>\n\n\n\t\t<\/div> \n\t<\/div> \n<\/div><\/div><\/div><div class='bg-parallax gambit-bg-parallax parallax' data-bg-align='' data-direction='none' data-velocity='-0.3' data-mobile-enabled='' data-break-parents='' data-bg-height='' data-bg-width='' data-bg-image='data:image\/gif;base64,R0lGODlhAQABAIAAAAAAAP\/\/\/yH5BAEAAAAALAAAAAABAAEAAAIBRAA7' data-bg-repeat='false'><\/div><div  class=\"bg_parallax  vc_custom_1423510943855\"><div class=\"\"><div class=\"vc_row wpb_row vc_row-fluid\">\n\t<div class=\"vc_col-sm-6 wpb_column vc_column_container \">\n\t\t<div class=\"wpb_wrapper\">\n\t\t\t\n\t<div class=\"wpb_text_column wpb_content_element \">\n\t\t<div class=\"wpb_wrapper\">\n\t\t\t<p><img loading=\"lazy\" decoding=\"async\" class=\"alignnone size-full wp-image-1659\" src=\"https:\/\/www.suomenitratkaisut.fi\/wp-content\/uploads\/2015\/02\/AD_lux_150_105.png\" alt=\"AD_lux_150_105\" width=\"150\" height=\"105\" \/><\/p>\n<p><strong>AD-Lux Oy<\/strong><\/p>\n<p>AD-Lux Oy on kaksikymppinen turkulainen yhti\u00f6, joka on erikoistunut t\u00e4yden spektrin p\u00e4iv\u00e4nvaloon. Yritys tarjoaa asiakkailleen my\u00f6s valaistussuunnittelua. AD-Lux Oy k\u00e4ytt\u00e4\u00e4 Viestisuoraa j\u00e4lleenmyyj\u00e4- ja asiakasviestinn\u00e4ss\u00e4\u00e4n.<\/p>\n<p><a href=\"http:\/\/adlux.fi\/\" target=\"_blank\"><strong>www.adlux.fi<\/strong><\/a><\/p>\n\n\t\t<\/div> \n\t<\/div> \n\t\t<\/div> \n\t<\/div> \n\n\t<div class=\"vc_col-sm-6 wpb_column vc_column_container \">\n\t\t<div class=\"wpb_wrapper\">\n\t\t\t\n\t<div class=\"wpb_text_column wpb_content_element \">\n\t\t<div class=\"wpb_wrapper\">\n\t\t\t<p><img loading=\"lazy\" decoding=\"async\" class=\"alignnone size-full wp-image-1665\" src=\"https:\/\/www.suomenitratkaisut.fi\/wp-content\/uploads\/2015\/02\/Rdvelho_150_105.png\" alt=\"Rdvelho_150_105\" width=\"150\" height=\"105\" \/><\/p>\n<p><b>RD Velho Oy<br \/>\n<\/b><\/p>\n<p>RD Velho Oy on mekaniikka-ja pakkaussuunnittelun asiantuntijayritys. He valitsivat Suomen it-ratkaisut Oy:n tiedonsiirtosovelluksen auttamaan suurehkojen 3D-suunnittelutiedostojen liikuttelua asiakkaille ja sidosryhmille.<\/p>\n<p><a href=\"http:\/\/www.rdvelho.com\/fi\/\" target=\"_blank\"><strong>www.rdvelho.com<\/strong><\/a><\/p>\n\n\t\t<\/div> \n\t<\/div> \n\t\t<\/div> \n\t<\/div> \n<\/div><\/div><\/div><div  class=\"bg_parallax \"><div class=\"\"><div class=\"vc_row wpb_row vc_row-fluid\">\n\t<div class=\"vc_col-sm-12 wpb_column vc_column_container \">\n\t\t<div class=\"wpb_wrapper\">\n\t\t\t<div class=\"vc_separator wpb_content_element vc_sep_width_100 vc_sep_border_width_2 vc_sep_pos_align_left vc_separator_no_text vc_sep_color_grey\">\n\t<span class=\"vc_sep_holder vc_sep_holder_l\"><span class=\"vc_sep_line\"><\/span><\/span>\n\t\t<span class=\"vc_sep_holder vc_sep_holder_r\"><span class=\"vc_sep_line\"><\/span><\/span>\n<\/div>\n\n\n\t\t<\/div> \n\t<\/div> \n<\/div><\/div><\/div><div class='bg-parallax gambit-bg-parallax parallax' data-bg-align='' data-direction='none' data-velocity='-0.3' data-mobile-enabled='' data-break-parents='' data-bg-height='' data-bg-width='' data-bg-image='data:image\/gif;base64,R0lGODlhAQABAIAAAAAAAP\/\/\/yH5BAEAAAAALAAAAAABAAEAAAIBRAA7' data-bg-repeat='false'><\/div><div  class=\"bg_parallax  vc_custom_1423510976238\"><div class=\"\"><div class=\"vc_row wpb_row vc_row-fluid\">\n\t<div class=\"vc_col-sm-6 wpb_column vc_column_container \">\n\t\t<div class=\"wpb_wrapper\">\n\t\t\t\n\t<div class=\"wpb_text_column wpb_content_element \">\n\t\t<div class=\"wpb_wrapper\">\n\t\t\t<p><img loading=\"lazy\" decoding=\"async\" class=\"alignnone size-full wp-image-1662\" src=\"https:\/\/www.suomenitratkaisut.fi\/wp-content\/uploads\/2015\/02\/Kididea_150_105.png\" alt=\"Kididea_150_105\" width=\"150\" height=\"105\" \/><\/p>\n<p><strong>KIDidea Oy<\/strong><\/p>\n<p>KIDidea myy lastenvaatteista Kyr\u00f6n myym\u00e4l\u00e4ss\u00e4 sek\u00e4 verkkokaupassa osoitteessa www.kididea.fi. Yritys k\u00e4ytt\u00e4\u00e4 Viestisuoraa asiakasviestinn\u00e4ss\u00e4\u00e4n.<\/p>\n<p><a href=\"http:\/\/www.kididea.fi\" target=\"_blank\"><strong>www.kididea.fi<\/strong><\/a><\/p>\n\n\t\t<\/div> \n\t<\/div> \n\t\t<\/div> \n\t<\/div> \n\n\t<div class=\"vc_col-sm-6 wpb_column vc_column_container \">\n\t\t<div class=\"wpb_wrapper\">\n\t\t\t\n\t<div class=\"wpb_text_column wpb_content_element \">\n\t\t<div class=\"wpb_wrapper\">\n\t\t\t<p><img loading=\"lazy\" decoding=\"async\" class=\"alignnone size-full wp-image-1664\" src=\"https:\/\/www.suomenitratkaisut.fi\/wp-content\/uploads\/2015\/02\/LSKKY_150_105.png\" alt=\"LSKKY_150_105\" width=\"150\" height=\"105\" \/><\/p>\n<p><strong>Lounais-Suomen Koulutuskuntayhtym\u00e4<br \/>\n<\/strong><\/p>\n<p>Lounais-Suomen Koulutuskuntayhtym\u00e4 valitsi Viestisuora -ohjelman markkinointity\u00f6kalukseen tehostaakseen ulkoista viestint\u00e4\u00e4ns\u00e4.<\/p>\n<p><a href=\"http:\/\/www.lskky.fi\/\" target=\"_blank\"><strong>www.lskky.fi<\/strong><\/a><\/p>\n\n\t\t<\/div> \n\t<\/div> \n\t\t<\/div> \n\t<\/div> \n<\/div><\/div><\/div><div  class=\"bg_parallax \"><div class=\"\"><div class=\"vc_row wpb_row vc_row-fluid\">\n\t<div class=\"vc_col-sm-12 wpb_column vc_column_container \">\n\t\t<div class=\"wpb_wrapper\">\n\t\t\t<div class=\"vc_separator wpb_content_element vc_sep_width_100 vc_sep_border_width_2 vc_sep_pos_align_left vc_separator_no_text vc_sep_color_grey\">\n\t<span class=\"vc_sep_holder vc_sep_holder_l\"><span class=\"vc_sep_line\"><\/span><\/span>\n\t\t<span class=\"vc_sep_holder vc_sep_holder_r\"><span class=\"vc_sep_line\"><\/span><\/span>\n<\/div>\n\n\n\t\t<\/div> \n\t<\/div> \n<\/div><\/div><\/div><div class='bg-parallax gambit-bg-parallax parallax' data-bg-align='' data-direction='none' data-velocity='-0.3' data-mobile-enabled='' data-break-parents='' data-bg-height='' data-bg-width='' data-bg-image='data:image\/gif;base64,R0lGODlhAQABAIAAAAAAAP\/\/\/yH5BAEAAAAALAAAAAABAAEAAAIBRAA7' data-bg-repeat='false'><\/div><div  class=\"bg_parallax  vc_custom_1423510994311\"><div class=\"\"><div class=\"vc_row wpb_row vc_row-fluid\">\n\t<div class=\"vc_col-sm-6 wpb_column vc_column_container \">\n\t\t<div class=\"wpb_wrapper\">\n\t\t\t\n\t<div class=\"wpb_text_column wpb_content_element \">\n\t\t<div class=\"wpb_wrapper\">\n\t\t\t<p><img loading=\"lazy\" decoding=\"async\" class=\"alignnone size-full wp-image-1663\" src=\"https:\/\/www.suomenitratkaisut.fi\/wp-content\/uploads\/2015\/02\/Kymppiservice_150_105.png\" alt=\"Kymppiservice_150_105\" width=\"150\" height=\"105\" \/><\/p>\n<p><b>Kymppi Service Oy<br \/>\n<\/b><\/p>\n<p>Kymppi Service Oy on vuonna 2011 perustettu, voimakkaasti kasvava henkil\u00f6st\u00f6vuokrausyritys. Kymppi Service Oy:lle toteutimme Intranet- \/ Extranet-ohjelmistot. Lis\u00e4ksi Kymppi Service Oy k\u00e4ytt\u00e4\u00e4 viestinn\u00e4ss\u00e4\u00e4n Viestisuoraa.<\/p>\n<p><a href=\"http:\/\/www.kymppiservice.fi\" target=\"_blank\"><strong>www.kymppiservice.fi<\/strong><\/a><\/p>\n\n\t\t<\/div> \n\t<\/div> \n\t\t<\/div> \n\t<\/div> \n\n\t<div class=\"vc_col-sm-6 wpb_column vc_column_container \">\n\t\t<div class=\"wpb_wrapper\">\n\t\t\t\n\t<div class=\"wpb_text_column wpb_content_element \">\n\t\t<div class=\"wpb_wrapper\">\n\t\t\t<p><img loading=\"lazy\" decoding=\"async\" class=\"alignnone size-full wp-image-1661\" src=\"https:\/\/www.suomenitratkaisut.fi\/wp-content\/uploads\/2015\/02\/HRSuunti_150_105.png\" alt=\"HRSuunti_150_105\" width=\"150\" height=\"105\" \/><\/p>\n<p><b>HRSuunti Oy<br \/>\n<\/b><\/p>\n<p>HRSuunti Oy:n ty\u00f6vuorosuunnitteluohjelmistoilla ty\u00f6vuorojen hallinta esimerkiksi hotelleissa, ravintoloissa ja p\u00e4iv\u00e4kodeissa tehostuu merkitt\u00e4v\u00e4sti. HRSuunti Oy k\u00e4ytt\u00e4\u00e4 Viestisuora-, Kyselyt- ja CRM -ohjelmistojamme.<\/p>\n<p><a href=\"http:\/\/www.hrsuunti.fi\" target=\"_blank\"><strong>www.hrsuunti.fi<\/strong><\/a><\/p>\n\n\t\t<\/div> \n\t<\/div> \n\t\t<\/div> \n\t<\/div> \n<\/div><\/div><\/div>\n","protected":false},"excerpt":{"rendered":"Amitec Oy Amitec Oy on vuonna 1984 perustettu teollisuuden monialaosaaja. Amitec Oy valitsi Suomen IT-Ratkaisut Oy:n toteuttamaan extranet-sivuston. Perustetun sivuston tarkoitus on tuoda lis\u00e4arvoa Amitec Oy:n asiakkaille kokoamalla projekteihin liittyv\u00e4t keskustelut, henkil\u00f6t, dokumentit ja lupa-asiat yhden k\u00e4ytt\u00f6liittym\u00e4n alle. www.amitec.fi Westlog Oy Westlog Oy on Raisiolainen logistiikka- ja toimistopalveluihin keskittynyt yritys. Suomen IT-Ratkaisut Oy toimitti Westlog [...]","protected":false},"author":1,"featured_media":0,"parent":0,"menu_order":0,"comment_status":"open","ping_status":"open","template":"templates\/page_sidebar_left.php","meta":{"footnotes":""},"class_list":["post-1468","page","type-page","status-publish","hentry"],"_links":{"self":[{"href":"https:\/\/suomenitratkaisut.fi\/index.php?rest_route=\/wp\/v2\/pages\/1468","targetHints":{"allow":["GET"]}}],"collection":[{"href":"https:\/\/suomenitratkaisut.fi\/index.php?rest_route=\/wp\/v2\/pages"}],"about":[{"href":"https:\/\/suomenitratkaisut.fi\/index.php?rest_route=\/wp\/v2\/types\/page"}],"author":[{"embeddable":true,"href":"https:\/\/suomenitratkaisut.fi\/index.php?rest_route=\/wp\/v2\/users\/1"}],"replies":[{"embeddable":true,"href":"https:\/\/suomenitratkaisut.fi\/index.php?rest_route=%2Fwp%2Fv2%2Fcomments&post=1468"}],"version-history":[{"count":32,"href":"https:\/\/suomenitratkaisut.fi\/index.php?rest_route=\/wp\/v2\/pages\/1468\/revisions"}],"predecessor-version":[{"id":1699,"href":"https:\/\/suomenitratkaisut.fi\/index.php?rest_route=\/wp\/v2\/pages\/1468\/revisions\/1699"}],"wp:attachment":[{"href":"https:\/\/suomenitratkaisut.fi\/index.php?rest_route=%2Fwp%2Fv2%2Fmedia&parent=1468"}],"curies":[{"name":"wp","href":"https:\/\/api.w.org\/{rel}","templated":true}]}}