{"id":119,"date":"2015-01-07T03:58:49","date_gmt":"2015-01-07T03:58:49","guid":{"rendered":"http:\/\/alaska.themestudio.net\/?page_id=119"},"modified":"2015-02-10T16:44:38","modified_gmt":"2015-02-10T16:44:38","slug":"palvelut","status":"publish","type":"page","link":"https:\/\/suomenitratkaisut.fi\/?page_id=119","title":{"rendered":"Palvelut"},"content":{"rendered":"<div class='bg-parallax gambit-bg-parallax parallax' data-bg-align='' data-direction='none' data-velocity='-0.3' data-mobile-enabled='' data-break-parents='' data-bg-height='' data-bg-width='' data-bg-image='data:image\/gif;base64,R0lGODlhAQABAIAAAAAAAP\/\/\/yH5BAEAAAAALAAAAAABAAEAAAIBRAA7' data-bg-repeat='false'><\/div><div  class=\"bg_parallax  vc_custom_1423586676334\"><div class=\"container\"><div class=\"vc_row wpb_row vc_row-fluid\">\n\t<div class=\"vc_col-sm-12 wpb_column vc_column_container \">\n\t\t<div class=\"wpb_wrapper\">\n\t\t\t<div class=\"ts-section-title  text-center\" style=\"color:#737373\">\n\t\t\t\t<h3 style=\"color:#252525;font-size:30px;\">Monipuoliset IT-alan palvelut ammattitaidolla ja luotettavasti<\/h3><\/div>\n\t\t<\/div> \n\t<\/div> \n<\/div><\/div><\/div><div class='bg-parallax gambit-bg-parallax parallax' data-bg-align='' data-direction='none' data-velocity='-0.3' data-mobile-enabled='' data-break-parents='' data-bg-height='' data-bg-width='' data-bg-image='data:image\/gif;base64,R0lGODlhAQABAIAAAAAAAP\/\/\/yH5BAEAAAAALAAAAAABAAEAAAIBRAA7' data-bg-repeat='false'><\/div><div  class=\"bg_parallax  vc_custom_1422975143593\"><div class=\"container\"><div class=\"vc_row wpb_row vc_row-fluid\">\n\t<div class=\"vc_col-sm-4 wpb_column vc_column_container \">\n\t\t<div class=\"wpb_wrapper\">\n\t\t\t<div class=\"ts-service-style-1\">\n\t\t\t\t\t\t<div class=\"service-title\">\n\t\t\t\t\t\t\t<span class=\"service-icon\"><i class=\"fa fa-share\"><\/i><\/span>\n\t\t\t\t\t\t\t<h3>Viestisuora<\/h3>\n\t\t\t\t\t\t<\/div>\n\t\t\t\t\t\t<div class=\"service-content\"><p>Viestisuora on uutiskirjeiden l\u00e4hetysty\u00f6kalu. Ominaisuuksina mm. l\u00e4hetettyjen viestien tarkka seuranta<\/p>\n<\/div><a class=\"read-more\" href=\"http:\/\/www.suomenitratkaisut.fi\/palvelut\/viestisuora\/\">Lue lis\u00e4\u00e4<i class=\"fa fa-long-arrow-right\"><\/i><\/a><\/div>\n\t\t<\/div> \n\t<\/div> \n\n\t<div class=\"vc_col-sm-4 wpb_column vc_column_container \">\n\t\t<div class=\"wpb_wrapper\">\n\t\t\t<div class=\"ts-service-style-1\">\n\t\t\t\t\t\t<div class=\"service-title\">\n\t\t\t\t\t\t\t<span class=\"service-icon\"><i class=\"fa fa-question-circle\"><\/i><\/span>\n\t\t\t\t\t\t\t<h3>Kyselyt<\/h3>\n\t\t\t\t\t\t<\/div>\n\t\t\t\t\t\t<div class=\"service-content\"><\/p>\n<div class=\"textbox\">Internetkyselyiden teko on helppoa. Ohjelma sis\u00e4lt\u00e4\u00e4 my\u00f6s kattavat ty\u00f6kalut tulosten analysointiin.<\/div>\n<p>\n<\/div><a class=\"read-more\" href=\"http:\/\/www.suomenitratkaisut.fi\/palvelut\/kyselyt\/\">Lue lis\u00e4\u00e4<i class=\"fa fa-long-arrow-right\"><\/i><\/a><\/div>\n\t\t<\/div> \n\t<\/div> \n\n\t<div class=\"vc_col-sm-4 wpb_column vc_column_container \">\n\t\t<div class=\"wpb_wrapper\">\n\t\t\t<div class=\"ts-service-style-1\">\n\t\t\t\t\t\t<div class=\"service-title\">\n\t\t\t\t\t\t\t<span class=\"service-icon\"><i class=\"fa fa-download\"><\/i><\/span>\n\t\t\t\t\t\t\t<h3>Tiedonsiirto<\/h3>\n\t\t\t\t\t\t<\/div>\n\t\t\t\t\t\t<div class=\"service-content\"><p>Tiedonsiirto-ohjelmalla onnistuu suurten (&lt;2 Gb) tiedostojen l\u00e4hett\u00e4minen ja vastaanotto.<\/p>\n<\/div><a class=\"read-more\" href=\"http:\/\/www.suomenitratkaisut.fi\/palvelut\/tiedonsiirto\/\">Lue lis\u00e4\u00e4<i class=\"fa fa-long-arrow-right\"><\/i><\/a><\/div>\n\t\t<\/div> \n\t<\/div> \n<\/div><\/div><\/div><div class='bg-parallax gambit-bg-parallax parallax' data-bg-align='' data-direction='none' data-velocity='-0.3' data-mobile-enabled='' data-break-parents='' data-bg-height='' data-bg-width='' data-bg-image='data:image\/gif;base64,R0lGODlhAQABAIAAAAAAAP\/\/\/yH5BAEAAAAALAAAAAABAAEAAAIBRAA7' data-bg-repeat='false'><\/div><div  class=\"bg_parallax  vc_custom_1423586593598\"><div class=\"\"><div class=\"vc_row wpb_row vc_row-fluid\">\n\t<div class=\"vc_col-sm-12 wpb_column vc_column_container \">\n\t\t<div class=\"wpb_wrapper\">\n\t\t\t<div class=\"vc_separator wpb_content_element vc_sep_width_100 vc_sep_border_width_2 vc_sep_pos_align_left vc_separator_no_text vc_sep_color_grey\">\n\t<span class=\"vc_sep_holder vc_sep_holder_l\"><span class=\"vc_sep_line\"><\/span><\/span>\n\t\t<span class=\"vc_sep_holder vc_sep_holder_r\"><span class=\"vc_sep_line\"><\/span><\/span>\n<\/div>\n\n\n\t\t<\/div> \n\t<\/div> \n<\/div><\/div><\/div><div class='bg-parallax gambit-bg-parallax parallax' data-bg-align='' data-direction='none' data-velocity='-0.3' data-mobile-enabled='' data-break-parents='' data-bg-height='' data-bg-width='' data-bg-image='data:image\/gif;base64,R0lGODlhAQABAIAAAAAAAP\/\/\/yH5BAEAAAAALAAAAAABAAEAAAIBRAA7' data-bg-repeat='false'><\/div><div  class=\"bg_parallax  vc_custom_1422975143593\"><div class=\"container\"><div class=\"vc_row wpb_row vc_row-fluid\">\n\t<div class=\"vc_col-sm-4 wpb_column vc_column_container \">\n\t\t<div class=\"wpb_wrapper\">\n\t\t\t<div class=\"ts-service-style-1\">\n\t\t\t\t\t\t<div class=\"service-title\">\n\t\t\t\t\t\t\t<span class=\"service-icon\"><i class=\"fa fa-mobile\"><\/i><\/span>\n\t\t\t\t\t\t\t<h3>SMS-Viestit<\/h3>\n\t\t\t\t\t\t<\/div>\n\t\t\t\t\t\t<div class=\"service-content\"><p>Tekem\u00e4ll\u00e4mme ohjelmalla voit l\u00e4hett\u00e4\u00e4 helposti, turvallisesti ja edullisesti tekstiviestej\u00e4 pienille tai vaikka suuremmillekin ryhmille.<\/p>\n<\/div><a class=\"read-more\" href=\"http:\/\/www.suomenitratkaisut.fi\/palvelut\/sms-viestit\/\">Lue lis\u00e4\u00e4<i class=\"fa fa-long-arrow-right\"><\/i><\/a><\/div>\n\t\t<\/div> \n\t<\/div> \n\n\t<div class=\"vc_col-sm-4 wpb_column vc_column_container \">\n\t\t<div class=\"wpb_wrapper\">\n\t\t\t<div class=\"ts-service-style-1\">\n\t\t\t\t\t\t<div class=\"service-title\">\n\t\t\t\t\t\t\t<span class=\"service-icon\"><i class=\"fa fa-code\"><\/i><\/span>\n\t\t\t\t\t\t\t<h3>Ohjelmointipalvelut<\/h3>\n\t\t\t\t\t\t<\/div>\n\t\t\t\t\t\t<div class=\"service-content\"><\/p>\n<div class=\"textbox\">Olemme toteuttaneet lukuisia integrointeja toiminnanohjausj\u00e4rjestelmiin, julkaisuj\u00e4rjestelmiin, tietokantoihin ja postipalvelimiin.<\/div>\n<p>\n<\/div><a class=\"read-more\" href=\"http:\/\/www.suomenitratkaisut.fi\/palvelut\/ohjelmointipalvelut\/\">Lue lis\u00e4\u00e4<i class=\"fa fa-long-arrow-right\"><\/i><\/a><\/div>\n\t\t<\/div> \n\t<\/div> \n\n\t<div class=\"vc_col-sm-4 wpb_column vc_column_container \">\n\t\t<div class=\"wpb_wrapper\">\n\t\t\t<div class=\"ts-service-style-1\">\n\t\t\t\t\t\t<div class=\"service-title\">\n\t\t\t\t\t\t\t<span class=\"service-icon\"><i class=\"fa fa-database\"><\/i><\/span>\n\t\t\t\t\t\t\t<h3>Palvelimien yll\u00e4pito<\/h3>\n\t\t\t\t\t\t<\/div>\n\t\t\t\t\t\t<div class=\"service-content\"><p>Yll\u00e4pitoomme kuuluu palvelimien ohjelmistop\u00e4ivitykset, ohjelmisto- ja laitteistolokien seuranta sek\u00e4 varmuuskopiointi.<\/p>\n<\/div><a class=\"read-more\" href=\"http:\/\/www.suomenitratkaisut.fi\/palvelut\/palvelimien-yllapito\/\">Lue lis\u00e4\u00e4<i class=\"fa fa-long-arrow-right\"><\/i><\/a><\/div>\n\t\t<\/div> \n\t<\/div> \n<\/div><\/div><\/div>\n","protected":false},"excerpt":{"rendered":"Monipuoliset IT-alan palvelut ammattitaidolla ja luotettavasti Viestisuora Viestisuora on uutiskirjeiden l\u00e4hetysty\u00f6kalu. Ominaisuuksina mm. l\u00e4hetettyjen viestien tarkka seuranta Lue lis\u00e4\u00e4 Kyselyt Internetkyselyiden teko on helppoa. Ohjelma sis\u00e4lt\u00e4\u00e4 my\u00f6s kattavat ty\u00f6kalut tulosten analysointiin. Lue lis\u00e4\u00e4 Tiedonsiirto Tiedonsiirto-ohjelmalla onnistuu suurten (&lt;2 Gb) tiedostojen l\u00e4hett\u00e4minen ja vastaanotto. Lue lis\u00e4\u00e4 SMS-Viestit Tekem\u00e4ll\u00e4mme ohjelmalla voit l\u00e4hett\u00e4\u00e4 helposti, turvallisesti ja edullisesti tekstiviestej\u00e4 [...]","protected":false},"author":2,"featured_media":95,"parent":0,"menu_order":0,"comment_status":"open","ping_status":"open","template":"","meta":{"footnotes":""},"class_list":["post-119","page","type-page","status-publish","has-post-thumbnail","hentry"],"_links":{"self":[{"href":"https:\/\/suomenitratkaisut.fi\/index.php?rest_route=\/wp\/v2\/pages\/119","targetHints":{"allow":["GET"]}}],"collection":[{"href":"https:\/\/suomenitratkaisut.fi\/index.php?rest_route=\/wp\/v2\/pages"}],"about":[{"href":"https:\/\/suomenitratkaisut.fi\/index.php?rest_route=\/wp\/v2\/types\/page"}],"author":[{"embeddable":true,"href":"https:\/\/suomenitratkaisut.fi\/index.php?rest_route=\/wp\/v2\/users\/2"}],"replies":[{"embeddable":true,"href":"https:\/\/suomenitratkaisut.fi\/index.php?rest_route=%2Fwp%2Fv2%2Fcomments&post=119"}],"version-history":[{"count":15,"href":"https:\/\/suomenitratkaisut.fi\/index.php?rest_route=\/wp\/v2\/pages\/119\/revisions"}],"predecessor-version":[{"id":1702,"href":"https:\/\/suomenitratkaisut.fi\/index.php?rest_route=\/wp\/v2\/pages\/119\/revisions\/1702"}],"wp:featuredmedia":[{"embeddable":true,"href":"https:\/\/suomenitratkaisut.fi\/index.php?rest_route=\/"}],"wp:attachment":[{"href":"https:\/\/suomenitratkaisut.fi\/index.php?rest_route=%2Fwp%2Fv2%2Fmedia&parent=119"}],"curies":[{"name":"wp","href":"https:\/\/api.w.org\/{rel}","templated":true}]}}